{"id":10,"date":"2023-04-16T21:24:54","date_gmt":"2023-04-16T21:24:54","guid":{"rendered":"https:\/\/ors.emduah.xyz\/?page_id=10"},"modified":"2023-04-25T14:23:45","modified_gmt":"2023-04-25T14:23:45","slug":"profile","status":"publish","type":"page","link":"https:\/\/orsam-energies.com\/fr\/company\/profile\/","title":{"rendered":"Profil"},"content":{"rendered":"<p>Orsam Energies fournit des solutions personnalis\u00e9es et innovantes pour la fabrication et le montage de syst\u00e8mes m\u00e9caniques et \u00e9lectriques. Ce savoir-faire se d\u00e9ploie sur des projets d'installation de nouveaux sites, des projets de modification ou de mise \u00e0 niveau de sites, en tant qu'entrepreneur principal ou sous-traitant.<\/p>\n\n\n\n<p>Gr\u00e2ce \u00e0 un large \u00e9ventail d'expertises, nous apportons des solutions globales EPCC aux secteurs d'Oil &amp; Gas, Mines et Power du Ghana : construction en acier, travaux de tuyauterie (onshore et offshore), construction de r\u00e9servoirs, conception \u00e9lectrique et d'instrumentation, services d'installations (gr\u00e9eurs, techniciens E&amp;I certifi\u00e9s CompEx, soudeurs, etc.), nettoyage industriel (r\u00e9servoirs et normes), maintenance et revamping travaux.<\/p>\n\n\n\n<p>Avec plus de 50 soudeurs certifi\u00e9s et 150 qualifications, Orsam Energies r\u00e9alise des prestations sur divers types de mat\u00e9riaux : acier au carbone, acier inoxydable, duplex, super duplex, cupro nickel et inconel 625. Nos \u00e9quipes sont qualifi\u00e9es pour les proc\u00e9dures de soudage selon les codes\/normes internationaux : ASME B31.3, AWS D1.1, API 650 &amp; 1104, ABS et DNV. En interne, nous avons d\u00e9velopp\u00e9 et qualifi\u00e9 plus de 3 000 proc\u00e9dures de soudage : SMAW, FCAW, GTAW, GS-FCAW, STT et SAW, etc.<\/p>","protected":false},"excerpt":{"rendered":"<p>Une entreprise solide et ambitieuse donnant la priorit\u00e9 \u00e0 la qualit\u00e9, l'efficacit\u00e9 et l'innovation<\/p>","protected":false},"author":1,"featured_media":595,"parent":16,"menu_order":0,"comment_status":"closed","ping_status":"closed","template":"tpl_profile.php","meta":{"footnotes":""},"class_list":["post-10","page","type-page","status-publish","has-post-thumbnail","hentry"],"yoast_head":"<!-- This site is optimized with the Yoast SEO plugin v26.9 - https:\/\/yoast.com\/product\/yoast-seo-wordpress\/ -->\n<title>Profile - Orsam Energies<\/title>\n<meta name=\"robots\" content=\"index, follow, max-snippet:-1, max-image-preview:large, max-video-preview:-1\" \/>\n<link rel=\"canonical\" href=\"https:\/\/orsam-energies.com\/fr\/company\/profile\/\" \/>\n<meta property=\"og:locale\" content=\"fr_FR\" \/>\n<meta property=\"og:type\" content=\"article\" \/>\n<meta property=\"og:title\" content=\"Profile - Orsam Energies\" \/>\n<meta property=\"og:description\" content=\"Building a sound and ambitious company by giving priority to a continuous effort to improve quality, efficiency and innovation\" \/>\n<meta property=\"og:url\" content=\"https:\/\/orsam-energies.com\/fr\/company\/profile\/\" \/>\n<meta property=\"og:site_name\" content=\"Orsam Energies\" \/>\n<meta property=\"article:publisher\" content=\"https:\/\/web.facebook.com\/orsamoilgas?_rdc=1&amp;_rdr\" \/>\n<meta property=\"article:modified_time\" content=\"2023-04-25T14:23:45+00:00\" \/>\n<meta property=\"og:image\" content=\"https:\/\/orsam-energies.com\/wp-content\/uploads\/2023\/04\/IMG-20230406-WA0015-1.jpg\" \/>\n\t<meta property=\"og:image:width\" content=\"661\" \/>\n\t<meta property=\"og:image:height\" content=\"827\" \/>\n\t<meta property=\"og:image:type\" content=\"image\/jpeg\" \/>\n<meta name=\"twitter:card\" content=\"summary_large_image\" \/>\n<meta name=\"twitter:label1\" content=\"Dur\u00e9e de lecture estim\u00e9e\" \/>\n\t<meta name=\"twitter:data1\" content=\"1 minute\" \/>\n<script type=\"application\/ld+json\" class=\"yoast-schema-graph\">{\"@context\":\"https:\/\/schema.org\",\"@graph\":[{\"@type\":\"WebPage\",\"@id\":\"https:\/\/orsam-energies.com\/en\/company\/profile\/\",\"url\":\"https:\/\/orsam-energies.com\/en\/company\/profile\/\",\"name\":\"Profile - Orsam Energies\",\"isPartOf\":{\"@id\":\"https:\/\/orsam-energies.com\/en\/#website\"},\"primaryImageOfPage\":{\"@id\":\"https:\/\/orsam-energies.com\/en\/company\/profile\/#primaryimage\"},\"image\":{\"@id\":\"https:\/\/orsam-energies.com\/en\/company\/profile\/#primaryimage\"},\"thumbnailUrl\":\"https:\/\/orsam-energies.com\/wp-content\/uploads\/2023\/04\/IMG-20230406-WA0015-1.jpg\",\"datePublished\":\"2023-04-16T21:24:54+00:00\",\"dateModified\":\"2023-04-25T14:23:45+00:00\",\"breadcrumb\":{\"@id\":\"https:\/\/orsam-energies.com\/en\/company\/profile\/#breadcrumb\"},\"inLanguage\":\"fr-FR\",\"potentialAction\":[{\"@type\":\"ReadAction\",\"target\":[\"https:\/\/orsam-energies.com\/en\/company\/profile\/\"]}]},{\"@type\":\"ImageObject\",\"inLanguage\":\"fr-FR\",\"@id\":\"https:\/\/orsam-energies.com\/en\/company\/profile\/#primaryimage\",\"url\":\"https:\/\/orsam-energies.com\/wp-content\/uploads\/2023\/04\/IMG-20230406-WA0015-1.jpg\",\"contentUrl\":\"https:\/\/orsam-energies.com\/wp-content\/uploads\/2023\/04\/IMG-20230406-WA0015-1.jpg\",\"width\":661,\"height\":827},{\"@type\":\"BreadcrumbList\",\"@id\":\"https:\/\/orsam-energies.com\/en\/company\/profile\/#breadcrumb\",\"itemListElement\":[{\"@type\":\"ListItem\",\"position\":1,\"name\":\"Home\",\"item\":\"https:\/\/orsam-energies.com\/en\/\"},{\"@type\":\"ListItem\",\"position\":2,\"name\":\"Company\",\"item\":\"https:\/\/orsam-energies.com\/en\/company\/\"},{\"@type\":\"ListItem\",\"position\":3,\"name\":\"Profile\"}]},{\"@type\":\"WebSite\",\"@id\":\"https:\/\/orsam-energies.com\/en\/#website\",\"url\":\"https:\/\/orsam-energies.com\/en\/\",\"name\":\"Orsam Energies\",\"description\":\"Industrial, Energy and Environmental Service Company\",\"publisher\":{\"@id\":\"https:\/\/orsam-energies.com\/en\/#organization\"},\"potentialAction\":[{\"@type\":\"SearchAction\",\"target\":{\"@type\":\"EntryPoint\",\"urlTemplate\":\"https:\/\/orsam-energies.com\/en\/?s={search_term_string}\"},\"query-input\":{\"@type\":\"PropertyValueSpecification\",\"valueRequired\":true,\"valueName\":\"search_term_string\"}}],\"inLanguage\":\"fr-FR\"},{\"@type\":\"Organization\",\"@id\":\"https:\/\/orsam-energies.com\/en\/#organization\",\"name\":\"Orsam Energies\",\"url\":\"https:\/\/orsam-energies.com\/en\/\",\"logo\":{\"@type\":\"ImageObject\",\"inLanguage\":\"fr-FR\",\"@id\":\"https:\/\/orsam-energies.com\/en\/#\/schema\/logo\/image\/\",\"url\":\"https:\/\/ors.emduah.xyz\/wp-content\/uploads\/2023\/05\/ORSAM-ENERGIES_ORSAM-ENERGIES-cyan.png\",\"contentUrl\":\"https:\/\/ors.emduah.xyz\/wp-content\/uploads\/2023\/05\/ORSAM-ENERGIES_ORSAM-ENERGIES-cyan.png\",\"width\":2952,\"height\":1053,\"caption\":\"Orsam Energies\"},\"image\":{\"@id\":\"https:\/\/orsam-energies.com\/en\/#\/schema\/logo\/image\/\"},\"sameAs\":[\"https:\/\/web.facebook.com\/orsamoilgas?_rdc=1&_rdr\",\"https:\/\/www.instagram.com\/orsamoilgas\/\",\"https:\/\/www.linkedin.com\/company\/orsamoilgas\/about\/\"]}]}<\/script>\n<!-- \/ Yoast SEO plugin. -->","yoast_head_json":{"title":"Profile - Orsam Energies","robots":{"index":"index","follow":"follow","max-snippet":"max-snippet:-1","max-image-preview":"max-image-preview:large","max-video-preview":"max-video-preview:-1"},"canonical":"https:\/\/orsam-energies.com\/fr\/company\/profile\/","og_locale":"fr_FR","og_type":"article","og_title":"Profile - Orsam Energies","og_description":"Building a sound and ambitious company by giving priority to a continuous effort to improve quality, efficiency and innovation","og_url":"https:\/\/orsam-energies.com\/fr\/company\/profile\/","og_site_name":"Orsam Energies","article_publisher":"https:\/\/web.facebook.com\/orsamoilgas?_rdc=1&_rdr","article_modified_time":"2023-04-25T14:23:45+00:00","og_image":[{"width":661,"height":827,"url":"https:\/\/orsam-energies.com\/wp-content\/uploads\/2023\/04\/IMG-20230406-WA0015-1.jpg","type":"image\/jpeg"}],"twitter_card":"summary_large_image","twitter_misc":{"Dur\u00e9e de lecture estim\u00e9e":"1 minute"},"schema":{"@context":"https:\/\/schema.org","@graph":[{"@type":"WebPage","@id":"https:\/\/orsam-energies.com\/en\/company\/profile\/","url":"https:\/\/orsam-energies.com\/en\/company\/profile\/","name":"Profile - Orsam Energies","isPartOf":{"@id":"https:\/\/orsam-energies.com\/en\/#website"},"primaryImageOfPage":{"@id":"https:\/\/orsam-energies.com\/en\/company\/profile\/#primaryimage"},"image":{"@id":"https:\/\/orsam-energies.com\/en\/company\/profile\/#primaryimage"},"thumbnailUrl":"https:\/\/orsam-energies.com\/wp-content\/uploads\/2023\/04\/IMG-20230406-WA0015-1.jpg","datePublished":"2023-04-16T21:24:54+00:00","dateModified":"2023-04-25T14:23:45+00:00","breadcrumb":{"@id":"https:\/\/orsam-energies.com\/en\/company\/profile\/#breadcrumb"},"inLanguage":"fr-FR","potentialAction":[{"@type":"ReadAction","target":["https:\/\/orsam-energies.com\/en\/company\/profile\/"]}]},{"@type":"ImageObject","inLanguage":"fr-FR","@id":"https:\/\/orsam-energies.com\/en\/company\/profile\/#primaryimage","url":"https:\/\/orsam-energies.com\/wp-content\/uploads\/2023\/04\/IMG-20230406-WA0015-1.jpg","contentUrl":"https:\/\/orsam-energies.com\/wp-content\/uploads\/2023\/04\/IMG-20230406-WA0015-1.jpg","width":661,"height":827},{"@type":"BreadcrumbList","@id":"https:\/\/orsam-energies.com\/en\/company\/profile\/#breadcrumb","itemListElement":[{"@type":"ListItem","position":1,"name":"Home","item":"https:\/\/orsam-energies.com\/en\/"},{"@type":"ListItem","position":2,"name":"Company","item":"https:\/\/orsam-energies.com\/en\/company\/"},{"@type":"ListItem","position":3,"name":"Profile"}]},{"@type":"WebSite","@id":"https:\/\/orsam-energies.com\/en\/#website","url":"https:\/\/orsam-energies.com\/en\/","name":"Orsam Energies","description":"Industrial, Energy and Environmental Service Company","publisher":{"@id":"https:\/\/orsam-energies.com\/en\/#organization"},"potentialAction":[{"@type":"SearchAction","target":{"@type":"EntryPoint","urlTemplate":"https:\/\/orsam-energies.com\/en\/?s={search_term_string}"},"query-input":{"@type":"PropertyValueSpecification","valueRequired":true,"valueName":"search_term_string"}}],"inLanguage":"fr-FR"},{"@type":"Organization","@id":"https:\/\/orsam-energies.com\/en\/#organization","name":"Orsam Energies","url":"https:\/\/orsam-energies.com\/en\/","logo":{"@type":"ImageObject","inLanguage":"fr-FR","@id":"https:\/\/orsam-energies.com\/en\/#\/schema\/logo\/image\/","url":"https:\/\/ors.emduah.xyz\/wp-content\/uploads\/2023\/05\/ORSAM-ENERGIES_ORSAM-ENERGIES-cyan.png","contentUrl":"https:\/\/ors.emduah.xyz\/wp-content\/uploads\/2023\/05\/ORSAM-ENERGIES_ORSAM-ENERGIES-cyan.png","width":2952,"height":1053,"caption":"Orsam Energies"},"image":{"@id":"https:\/\/orsam-energies.com\/en\/#\/schema\/logo\/image\/"},"sameAs":["https:\/\/web.facebook.com\/orsamoilgas?_rdc=1&_rdr","https:\/\/www.instagram.com\/orsamoilgas\/","https:\/\/www.linkedin.com\/company\/orsamoilgas\/about\/"]}]}},"_links":{"self":[{"href":"https:\/\/orsam-energies.com\/fr\/wp-json\/wp\/v2\/pages\/10","targetHints":{"allow":["GET"]}}],"collection":[{"href":"https:\/\/orsam-energies.com\/fr\/wp-json\/wp\/v2\/pages"}],"about":[{"href":"https:\/\/orsam-energies.com\/fr\/wp-json\/wp\/v2\/types\/page"}],"author":[{"embeddable":true,"href":"https:\/\/orsam-energies.com\/fr\/wp-json\/wp\/v2\/users\/1"}],"replies":[{"embeddable":true,"href":"https:\/\/orsam-energies.com\/fr\/wp-json\/wp\/v2\/comments?post=10"}],"version-history":[{"count":4,"href":"https:\/\/orsam-energies.com\/fr\/wp-json\/wp\/v2\/pages\/10\/revisions"}],"predecessor-version":[{"id":547,"href":"https:\/\/orsam-energies.com\/fr\/wp-json\/wp\/v2\/pages\/10\/revisions\/547"}],"up":[{"embeddable":true,"href":"https:\/\/orsam-energies.com\/fr\/wp-json\/wp\/v2\/pages\/16"}],"wp:featuredmedia":[{"embeddable":true,"href":"https:\/\/orsam-energies.com\/fr\/wp-json\/wp\/v2\/media\/595"}],"wp:attachment":[{"href":"https:\/\/orsam-energies.com\/fr\/wp-json\/wp\/v2\/media?parent=10"}],"curies":[{"name":"wp","href":"https:\/\/api.w.org\/{rel}","templated":true}]}}