{"id":130,"date":"2023-04-19T17:06:04","date_gmt":"2023-04-19T17:06:04","guid":{"rendered":"https:\/\/ors.emduah.xyz\/?page_id=130"},"modified":"2023-06-02T11:28:25","modified_gmt":"2023-06-02T11:28:25","slug":"legal-notices","status":"publish","type":"page","link":"https:\/\/orsam-energies.com\/fr\/legal-notices\/","title":{"rendered":"Mentions l\u00e9gales"},"content":{"rendered":"<p>Ce site est \u00e9dit\u00e9 par :<br>Orsam Energies<br>11 Patrice Lumumba Road, Block B: 2\u00e8me \u00e9tage<br>Airport Residential Area,<br>Accra, Ghana<br>Site web :&nbsp;<a href=\"https:\/\/ortec-group.com\/\" target=\"_blank\" rel=\"noreferrer noopener\">https:\/\/orsam-energies.com<\/a><br>Email:&nbsp;info@orsam-energies.com<br>Num\u00e9ro de t\u00e9l\u00e9phone : +233 30 29 836 59<\/p>\n\n\n\n<p><\/p>\n\n\n\n<p>La reproduction ou la repr\u00e9sentation en tout ou partie des \u00e9l\u00e9ments se trouvant sur le site est strictement interdite. Les droits de reproduction et de repr\u00e9sentation de l\u2019ensemble des oeuvres repr\u00e9sent\u00e9es sur le site sont strictement r\u00e9serv\u00e9s. En cons\u00e9quence, la reproduction et la repr\u00e9sentation de tout ou partie de ce site, sur quelque support que ce soit, sont formellement interdites sauf autorisation \u00e9crite expresse du responsable de la publication. Les documents ne peuvent faire l\u2019objet de copies \u00e0 titre d\u2019information, la copie \u00e9tant r\u00e9serv\u00e9e au seul usage priv\u00e9.<\/p>\n\n\n\n<p>Les d\u00e9nominations sociales, marques et signes distinctifs reproduits sur le site sont prot\u00e9g\u00e9s au titre du droit des marques. La reproduction ou la repr\u00e9sentation en tout ou partie d\u2019un des signes pr\u00e9cit\u00e9s est strictement interdite et doit faire l\u2019objet d\u2019une autorisation \u00e9crite pr\u00e9alable du titulaire de la marque.<\/p>\n\n\n\n<p>Le site Orsam Energies autorise la mise en place d\u2019un lien hypertexte pointant vers son contenu, sous r\u00e9serve de ne pas utiliser la technique du lien profond (\u00ab deep linking \u00bb), c\u2019est-\u00e0-dire que les pages du site www.orsam-energies.com ne doivent pas \u00eatre imbriqu\u00e9es \u00e0 l\u2019int\u00e9rieur des pages d\u2019un autre site, mais accessible par l\u2019ouverture d\u2019une fen\u00eatre et mentionner la source www.orsam-energies.com du contenu vis\u00e9. Cette autorisation ne s\u2019applique pas aux sites Internet diffusant des informations \u00e0 caract\u00e8re pol\u00e9mique, ind\u00e9cent, inappropri\u00e9, pornographique, x\u00e9nophobe ou pouvant, dans une plus large mesure, porter atteinte \u00e0 la sensibilit\u00e9 du plus grand nombre ou \u00e0 l\u2019ordre public ou porter atteinte \u00e0 la r\u00e9putation de Orsam Energies. Orsam Energies se r\u00e9serve le droit de demander, en tout temps et \u00e0 sa seule discr\u00e9tion, le retrait imm\u00e9diat de tout lien hypertexte menant au site de Orsam Energies.<\/p>\n\n\n\n<p><strong>Renseignements personnels &amp; confidentialit\u00e9<\/strong><\/p>\n\n\n\n<p>L\u2019utilisateur est inform\u00e9 que ses renseignements personnels recueillis dans le cadre des formulaires de contacts, formulaires d\u2019inscription newsletter, jeux ou tout autre questionnaire font l\u2019objet d\u2019un traitement automatis\u00e9 par Ortec Energies. Les renseignements personnels recueillis sont tenus strictement confidentiels et sont destin\u00e9s \u00e0 l\u2019usage exclusif des membres et des services de Orsam Energies. Orsam Energies traite tous les renseignements personnels recueillis aupr\u00e8s d\u2019un utilisateur en conformit\u00e9 avec sa Politique de protection des donn\u00e9es personnelles disponible au lien suivant :\u00a0<a href=\"https:\/\/orsam-energies.com\/fr\/legal-notices\/\">https:\/\/orsam-energies.com\/fr\/legal-notices\/<\/a>.<\/p>\n\n\n\n<p>Vous pouvez exercer votre droit d\u2019acc\u00e8s \u00e0 vos renseignements personnels et le cas \u00e9ch\u00e9ant votre droit de rectification ou de retrait des renseignements personnels vous concernant en \u00e9crivant \u00e0 : info@orsam-energies.com<\/p>\n\n\n\n<p>Le site Orsam Energies utilise des cookies et autres technologies similaires. Pour plus de d\u00e9tails sur l\u2019utilisation des cookies, veuillez consulter la Politique des cookies au lien suivant :\u00a0<a href=\"https:\/\/orsam-energies.com\/fr\/cookies-policy\/\">https:\/\/orsam-energies<\/a><a href=\"https:\/\/orsam-energies.com\/fr\/cookies-policy-on-the-website\/\">.com\/fr\/cookies-policy\/<\/a>.<\/p>\n\n\n\n<p><strong>Responsabilit\u00e9 de l\u2019\u00e9diteur du site<\/strong><\/p>\n\n\n\n<p>Orsam Energies met \u00e0 la disposition des internautes des informations dont il fait ses meilleurs efforts pour assurer l\u2019exactitude au moment de leur mise en ligne. Le groupe Ortec ne saurait en aucun cas \u00eatre tenu responsable des \u00e9ventuels pr\u00e9judices li\u00e9s \u00e0 la consultation de ces informations.<\/p>\n\n\n\n<p>Orsam Energies se r\u00e9serve le droit de modifier, corriger ou supprimer le contenu du site.<\/p>\n\n\n\n<p>Orsam Energies ne saurait \u00eatre tenu responsable de l\u2019utilisation qui sera faite par les internautes des informations contenues dans le site.<\/p>\n\n\n\n<p>Des liens hypertextes pr\u00e9sents sur le site www.orsam-energies.com permettent l\u2019acc\u00e8s \u00e0 d\u2019autres sites sur lesquels Orsam Eneginer n\u2019exerce aucun contr\u00f4le. La responsabilit\u00e9 de Orsam Energies ne saurait en aucun cas \u00eatre engag\u00e9e en cas de pr\u00e9judice caus\u00e9 par le contenu d\u2019un ou plusieurs sites rattach\u00e9s par un lien hypertexte.<\/p>\n\n\n\n<p>Il appartient aux internautes de prendre toutes les mesures appropri\u00e9es pour la protection de leur mat\u00e9riel, donn\u00e9es ou logiciels informatiques notamment contre les virus informatiques circulant sur le r\u00e9seau.<br>Orsam Energies ne saurait en aucun cas \u00eatre tenu responsable des dommages caus\u00e9s par un virus lors de la connexion \u00e0 son site.<\/p>\n\n\n\n<p>Orsam Energies d\u00e9cline toute responsabilit\u00e9 pour les difficult\u00e9s rencontr\u00e9es lors de l\u2019acc\u00e8s \u00e0 son site ou pour toute autre d\u00e9faillance de communication.<\/p>\n\n\n\n<p><\/p>","protected":false},"excerpt":{"rendered":"<p>Informations sur l'\u00e9diteur et mentions l\u00e9gales du site www.orsam-energies.com<\/p>","protected":false},"author":1,"featured_media":0,"parent":0,"menu_order":0,"comment_status":"closed","ping_status":"closed","template":"","meta":{"footnotes":""},"class_list":["post-130","page","type-page","status-publish","hentry"],"yoast_head":"<!-- This site is optimized with the Yoast SEO plugin v26.9 - https:\/\/yoast.com\/product\/yoast-seo-wordpress\/ -->\n<title>Legal Notices - Orsam Energies<\/title>\n<meta name=\"robots\" content=\"index, follow, max-snippet:-1, max-image-preview:large, max-video-preview:-1\" \/>\n<link rel=\"canonical\" href=\"https:\/\/orsam-energies.com\/fr\/legal-notices\/\" \/>\n<meta property=\"og:locale\" content=\"fr_FR\" \/>\n<meta property=\"og:type\" content=\"article\" \/>\n<meta property=\"og:title\" content=\"Legal Notices - Orsam Energies\" \/>\n<meta property=\"og:description\" content=\"Information about the publisher and legal notice of the site www.orsam-energies.com\" \/>\n<meta property=\"og:url\" content=\"https:\/\/orsam-energies.com\/fr\/legal-notices\/\" \/>\n<meta property=\"og:site_name\" content=\"Orsam Energies\" \/>\n<meta property=\"article:publisher\" content=\"https:\/\/web.facebook.com\/orsamoilgas?_rdc=1&amp;_rdr\" \/>\n<meta property=\"article:modified_time\" content=\"2023-06-02T11:28:25+00:00\" \/>\n<meta name=\"twitter:card\" content=\"summary_large_image\" \/>\n<meta name=\"twitter:label1\" content=\"Dur\u00e9e de lecture estim\u00e9e\" \/>\n\t<meta name=\"twitter:data1\" content=\"3 minutes\" \/>\n<script type=\"application\/ld+json\" class=\"yoast-schema-graph\">{\"@context\":\"https:\/\/schema.org\",\"@graph\":[{\"@type\":\"WebPage\",\"@id\":\"https:\/\/orsam-energies.com\/fr\/legal-notices\/\",\"url\":\"https:\/\/orsam-energies.com\/fr\/legal-notices\/\",\"name\":\"Legal Notices - Orsam Energies\",\"isPartOf\":{\"@id\":\"https:\/\/orsam-energies.com\/en\/#website\"},\"datePublished\":\"2023-04-19T17:06:04+00:00\",\"dateModified\":\"2023-06-02T11:28:25+00:00\",\"breadcrumb\":{\"@id\":\"https:\/\/orsam-energies.com\/fr\/legal-notices\/#breadcrumb\"},\"inLanguage\":\"fr-FR\",\"potentialAction\":[{\"@type\":\"ReadAction\",\"target\":[\"https:\/\/orsam-energies.com\/fr\/legal-notices\/\"]}]},{\"@type\":\"BreadcrumbList\",\"@id\":\"https:\/\/orsam-energies.com\/fr\/legal-notices\/#breadcrumb\",\"itemListElement\":[{\"@type\":\"ListItem\",\"position\":1,\"name\":\"Home\",\"item\":\"https:\/\/orsam-energies.com\/en\/\"},{\"@type\":\"ListItem\",\"position\":2,\"name\":\"Legal Notices\"}]},{\"@type\":\"WebSite\",\"@id\":\"https:\/\/orsam-energies.com\/en\/#website\",\"url\":\"https:\/\/orsam-energies.com\/en\/\",\"name\":\"Orsam Energies\",\"description\":\"Industrial, Energy and Environmental Service Company\",\"publisher\":{\"@id\":\"https:\/\/orsam-energies.com\/en\/#organization\"},\"potentialAction\":[{\"@type\":\"SearchAction\",\"target\":{\"@type\":\"EntryPoint\",\"urlTemplate\":\"https:\/\/orsam-energies.com\/en\/?s={search_term_string}\"},\"query-input\":{\"@type\":\"PropertyValueSpecification\",\"valueRequired\":true,\"valueName\":\"search_term_string\"}}],\"inLanguage\":\"fr-FR\"},{\"@type\":\"Organization\",\"@id\":\"https:\/\/orsam-energies.com\/en\/#organization\",\"name\":\"Orsam Energies\",\"url\":\"https:\/\/orsam-energies.com\/en\/\",\"logo\":{\"@type\":\"ImageObject\",\"inLanguage\":\"fr-FR\",\"@id\":\"https:\/\/orsam-energies.com\/en\/#\/schema\/logo\/image\/\",\"url\":\"https:\/\/ors.emduah.xyz\/wp-content\/uploads\/2023\/05\/ORSAM-ENERGIES_ORSAM-ENERGIES-cyan.png\",\"contentUrl\":\"https:\/\/ors.emduah.xyz\/wp-content\/uploads\/2023\/05\/ORSAM-ENERGIES_ORSAM-ENERGIES-cyan.png\",\"width\":2952,\"height\":1053,\"caption\":\"Orsam Energies\"},\"image\":{\"@id\":\"https:\/\/orsam-energies.com\/en\/#\/schema\/logo\/image\/\"},\"sameAs\":[\"https:\/\/web.facebook.com\/orsamoilgas?_rdc=1&_rdr\",\"https:\/\/www.instagram.com\/orsamoilgas\/\",\"https:\/\/www.linkedin.com\/company\/orsamoilgas\/about\/\"]}]}<\/script>\n<!-- \/ Yoast SEO plugin. -->","yoast_head_json":{"title":"Legal Notices - Orsam Energies","robots":{"index":"index","follow":"follow","max-snippet":"max-snippet:-1","max-image-preview":"max-image-preview:large","max-video-preview":"max-video-preview:-1"},"canonical":"https:\/\/orsam-energies.com\/fr\/legal-notices\/","og_locale":"fr_FR","og_type":"article","og_title":"Legal Notices - Orsam Energies","og_description":"Information about the publisher and legal notice of the site www.orsam-energies.com","og_url":"https:\/\/orsam-energies.com\/fr\/legal-notices\/","og_site_name":"Orsam Energies","article_publisher":"https:\/\/web.facebook.com\/orsamoilgas?_rdc=1&_rdr","article_modified_time":"2023-06-02T11:28:25+00:00","twitter_card":"summary_large_image","twitter_misc":{"Dur\u00e9e de lecture estim\u00e9e":"3 minutes"},"schema":{"@context":"https:\/\/schema.org","@graph":[{"@type":"WebPage","@id":"https:\/\/orsam-energies.com\/fr\/legal-notices\/","url":"https:\/\/orsam-energies.com\/fr\/legal-notices\/","name":"Legal Notices - Orsam Energies","isPartOf":{"@id":"https:\/\/orsam-energies.com\/en\/#website"},"datePublished":"2023-04-19T17:06:04+00:00","dateModified":"2023-06-02T11:28:25+00:00","breadcrumb":{"@id":"https:\/\/orsam-energies.com\/fr\/legal-notices\/#breadcrumb"},"inLanguage":"fr-FR","potentialAction":[{"@type":"ReadAction","target":["https:\/\/orsam-energies.com\/fr\/legal-notices\/"]}]},{"@type":"BreadcrumbList","@id":"https:\/\/orsam-energies.com\/fr\/legal-notices\/#breadcrumb","itemListElement":[{"@type":"ListItem","position":1,"name":"Home","item":"https:\/\/orsam-energies.com\/en\/"},{"@type":"ListItem","position":2,"name":"Legal Notices"}]},{"@type":"WebSite","@id":"https:\/\/orsam-energies.com\/en\/#website","url":"https:\/\/orsam-energies.com\/en\/","name":"Orsam Energies","description":"Industrial, Energy and Environmental Service Company","publisher":{"@id":"https:\/\/orsam-energies.com\/en\/#organization"},"potentialAction":[{"@type":"SearchAction","target":{"@type":"EntryPoint","urlTemplate":"https:\/\/orsam-energies.com\/en\/?s={search_term_string}"},"query-input":{"@type":"PropertyValueSpecification","valueRequired":true,"valueName":"search_term_string"}}],"inLanguage":"fr-FR"},{"@type":"Organization","@id":"https:\/\/orsam-energies.com\/en\/#organization","name":"Orsam Energies","url":"https:\/\/orsam-energies.com\/en\/","logo":{"@type":"ImageObject","inLanguage":"fr-FR","@id":"https:\/\/orsam-energies.com\/en\/#\/schema\/logo\/image\/","url":"https:\/\/ors.emduah.xyz\/wp-content\/uploads\/2023\/05\/ORSAM-ENERGIES_ORSAM-ENERGIES-cyan.png","contentUrl":"https:\/\/ors.emduah.xyz\/wp-content\/uploads\/2023\/05\/ORSAM-ENERGIES_ORSAM-ENERGIES-cyan.png","width":2952,"height":1053,"caption":"Orsam Energies"},"image":{"@id":"https:\/\/orsam-energies.com\/en\/#\/schema\/logo\/image\/"},"sameAs":["https:\/\/web.facebook.com\/orsamoilgas?_rdc=1&_rdr","https:\/\/www.instagram.com\/orsamoilgas\/","https:\/\/www.linkedin.com\/company\/orsamoilgas\/about\/"]}]}},"_links":{"self":[{"href":"https:\/\/orsam-energies.com\/fr\/wp-json\/wp\/v2\/pages\/130","targetHints":{"allow":["GET"]}}],"collection":[{"href":"https:\/\/orsam-energies.com\/fr\/wp-json\/wp\/v2\/pages"}],"about":[{"href":"https:\/\/orsam-energies.com\/fr\/wp-json\/wp\/v2\/types\/page"}],"author":[{"embeddable":true,"href":"https:\/\/orsam-energies.com\/fr\/wp-json\/wp\/v2\/users\/1"}],"replies":[{"embeddable":true,"href":"https:\/\/orsam-energies.com\/fr\/wp-json\/wp\/v2\/comments?post=130"}],"version-history":[{"count":9,"href":"https:\/\/orsam-energies.com\/fr\/wp-json\/wp\/v2\/pages\/130\/revisions"}],"predecessor-version":[{"id":939,"href":"https:\/\/orsam-energies.com\/fr\/wp-json\/wp\/v2\/pages\/130\/revisions\/939"}],"wp:attachment":[{"href":"https:\/\/orsam-energies.com\/fr\/wp-json\/wp\/v2\/media?parent=130"}],"curies":[{"name":"wp","href":"https:\/\/api.w.org\/{rel}","templated":true}]}}