{"id":14,"date":"2023-04-16T21:25:50","date_gmt":"2023-04-16T21:25:50","guid":{"rendered":"https:\/\/ors.emduah.xyz\/?page_id=14"},"modified":"2023-05-27T16:15:24","modified_gmt":"2023-05-27T16:15:24","slug":"oil-gas","status":"publish","type":"page","link":"https:\/\/orsam-energies.com\/fr\/markets\/oil-gas\/","title":{"rendered":"Oil &amp; Gas"},"content":{"rendered":"<p>Orsam Energies accompagne les grands donneurs d\u2019ordre amont et aval du secteur Oil &amp; Gas, gr\u00e2ce \u00e0 une offre compl\u00e8te de services onshore, offshore et subsea :<\/p>\n\n\n\n<ul class=\"wp-block-list\">\n<li>ing\u00e9nierie et gestion de projets<\/li>\n\n\n\n<li>pr\u00e9paration, pr\u00e9fabrication et fabrication de piping et structures<\/li>\n\n\n\n<li>transport et logistique<\/li>\n\n\n\n<li>assemblage et m\u00e9canique<\/li>\n\n\n\n<li>\u00e9lectricit\u00e9 &amp; instrumentation<\/li>\n\n\n\n<li>installation et mise en service<\/li>\n\n\n\n<li>test d'int\u00e9grit\u00e9 et inspection<\/li>\n\n\n\n<li>maintenance<\/li>\n\n\n\n<li>op\u00e9rations d'arr\u00eat<\/li>\n<\/ul>","protected":false},"excerpt":{"rendered":"<p>Solutions for the entire petrochemical and oil &#038; gas value chain: downstream to upstream<\/p>","protected":false},"author":1,"featured_media":465,"parent":12,"menu_order":0,"comment_status":"closed","ping_status":"closed","template":"tpl_mining.php","meta":{"footnotes":""},"class_list":["post-14","page","type-page","status-publish","has-post-thumbnail","hentry"],"yoast_head":"<!-- This site is optimized with the Yoast SEO plugin v26.9 - https:\/\/yoast.com\/product\/yoast-seo-wordpress\/ -->\n<title>Oil &amp; Gas - Orsam Energies<\/title>\n<meta name=\"robots\" content=\"index, follow, max-snippet:-1, max-image-preview:large, max-video-preview:-1\" \/>\n<link rel=\"canonical\" href=\"https:\/\/orsam-energies.com\/fr\/markets\/oil-gas\/\" \/>\n<meta property=\"og:locale\" content=\"fr_FR\" \/>\n<meta property=\"og:type\" content=\"article\" \/>\n<meta property=\"og:title\" content=\"Oil &amp; Gas - Orsam Energies\" \/>\n<meta property=\"og:description\" content=\"Solutions for the entire petrochemical and oil &amp; gas value chain: downstream to upstream\" \/>\n<meta property=\"og:url\" content=\"https:\/\/orsam-energies.com\/fr\/markets\/oil-gas\/\" \/>\n<meta property=\"og:site_name\" content=\"Orsam Energies\" \/>\n<meta property=\"article:publisher\" content=\"https:\/\/web.facebook.com\/orsamoilgas?_rdc=1&amp;_rdr\" \/>\n<meta property=\"article:modified_time\" content=\"2023-05-27T16:15:24+00:00\" \/>\n<meta property=\"og:image\" content=\"https:\/\/orsam-energies.com\/wp-content\/uploads\/2023\/04\/marches-oil-gas.jpg\" \/>\n\t<meta property=\"og:image:width\" content=\"2000\" \/>\n\t<meta property=\"og:image:height\" content=\"1125\" \/>\n\t<meta property=\"og:image:type\" content=\"image\/jpeg\" \/>\n<meta name=\"twitter:card\" content=\"summary_large_image\" \/>\n<meta name=\"twitter:label1\" content=\"Dur\u00e9e de lecture estim\u00e9e\" \/>\n\t<meta name=\"twitter:data1\" content=\"1 minute\" \/>\n<script type=\"application\/ld+json\" class=\"yoast-schema-graph\">{\"@context\":\"https:\/\/schema.org\",\"@graph\":[{\"@type\":\"WebPage\",\"@id\":\"https:\/\/orsam-energies.com\/fr\/markets\/oil-gas\/\",\"url\":\"https:\/\/orsam-energies.com\/fr\/markets\/oil-gas\/\",\"name\":\"Oil & Gas - Orsam Energies\",\"isPartOf\":{\"@id\":\"https:\/\/orsam-energies.com\/en\/#website\"},\"primaryImageOfPage\":{\"@id\":\"https:\/\/orsam-energies.com\/fr\/markets\/oil-gas\/#primaryimage\"},\"image\":{\"@id\":\"https:\/\/orsam-energies.com\/fr\/markets\/oil-gas\/#primaryimage\"},\"thumbnailUrl\":\"https:\/\/orsam-energies.com\/wp-content\/uploads\/2023\/04\/marches-oil-gas.jpg\",\"datePublished\":\"2023-04-16T21:25:50+00:00\",\"dateModified\":\"2023-05-27T16:15:24+00:00\",\"breadcrumb\":{\"@id\":\"https:\/\/orsam-energies.com\/fr\/markets\/oil-gas\/#breadcrumb\"},\"inLanguage\":\"fr-FR\",\"potentialAction\":[{\"@type\":\"ReadAction\",\"target\":[\"https:\/\/orsam-energies.com\/fr\/markets\/oil-gas\/\"]}]},{\"@type\":\"ImageObject\",\"inLanguage\":\"fr-FR\",\"@id\":\"https:\/\/orsam-energies.com\/fr\/markets\/oil-gas\/#primaryimage\",\"url\":\"https:\/\/orsam-energies.com\/wp-content\/uploads\/2023\/04\/marches-oil-gas.jpg\",\"contentUrl\":\"https:\/\/orsam-energies.com\/wp-content\/uploads\/2023\/04\/marches-oil-gas.jpg\",\"width\":2000,\"height\":1125},{\"@type\":\"BreadcrumbList\",\"@id\":\"https:\/\/orsam-energies.com\/fr\/markets\/oil-gas\/#breadcrumb\",\"itemListElement\":[{\"@type\":\"ListItem\",\"position\":1,\"name\":\"Home\",\"item\":\"https:\/\/orsam-energies.com\/en\/\"},{\"@type\":\"ListItem\",\"position\":2,\"name\":\"Markets\",\"item\":\"https:\/\/orsam-energies.com\/fr\/markets\/\"},{\"@type\":\"ListItem\",\"position\":3,\"name\":\"Oil &#038; Gas\"}]},{\"@type\":\"WebSite\",\"@id\":\"https:\/\/orsam-energies.com\/en\/#website\",\"url\":\"https:\/\/orsam-energies.com\/en\/\",\"name\":\"Orsam Energies\",\"description\":\"Industrial, Energy and Environmental Service Company\",\"publisher\":{\"@id\":\"https:\/\/orsam-energies.com\/en\/#organization\"},\"potentialAction\":[{\"@type\":\"SearchAction\",\"target\":{\"@type\":\"EntryPoint\",\"urlTemplate\":\"https:\/\/orsam-energies.com\/en\/?s={search_term_string}\"},\"query-input\":{\"@type\":\"PropertyValueSpecification\",\"valueRequired\":true,\"valueName\":\"search_term_string\"}}],\"inLanguage\":\"fr-FR\"},{\"@type\":\"Organization\",\"@id\":\"https:\/\/orsam-energies.com\/en\/#organization\",\"name\":\"Orsam Energies\",\"url\":\"https:\/\/orsam-energies.com\/en\/\",\"logo\":{\"@type\":\"ImageObject\",\"inLanguage\":\"fr-FR\",\"@id\":\"https:\/\/orsam-energies.com\/en\/#\/schema\/logo\/image\/\",\"url\":\"https:\/\/ors.emduah.xyz\/wp-content\/uploads\/2023\/05\/ORSAM-ENERGIES_ORSAM-ENERGIES-cyan.png\",\"contentUrl\":\"https:\/\/ors.emduah.xyz\/wp-content\/uploads\/2023\/05\/ORSAM-ENERGIES_ORSAM-ENERGIES-cyan.png\",\"width\":2952,\"height\":1053,\"caption\":\"Orsam Energies\"},\"image\":{\"@id\":\"https:\/\/orsam-energies.com\/en\/#\/schema\/logo\/image\/\"},\"sameAs\":[\"https:\/\/web.facebook.com\/orsamoilgas?_rdc=1&_rdr\",\"https:\/\/www.instagram.com\/orsamoilgas\/\",\"https:\/\/www.linkedin.com\/company\/orsamoilgas\/about\/\"]}]}<\/script>\n<!-- \/ Yoast SEO plugin. -->","yoast_head_json":{"title":"Oil & Gas - Orsam Energies","robots":{"index":"index","follow":"follow","max-snippet":"max-snippet:-1","max-image-preview":"max-image-preview:large","max-video-preview":"max-video-preview:-1"},"canonical":"https:\/\/orsam-energies.com\/fr\/markets\/oil-gas\/","og_locale":"fr_FR","og_type":"article","og_title":"Oil & Gas - Orsam Energies","og_description":"Solutions for the entire petrochemical and oil & gas value chain: downstream to upstream","og_url":"https:\/\/orsam-energies.com\/fr\/markets\/oil-gas\/","og_site_name":"Orsam Energies","article_publisher":"https:\/\/web.facebook.com\/orsamoilgas?_rdc=1&_rdr","article_modified_time":"2023-05-27T16:15:24+00:00","og_image":[{"width":2000,"height":1125,"url":"https:\/\/orsam-energies.com\/wp-content\/uploads\/2023\/04\/marches-oil-gas.jpg","type":"image\/jpeg"}],"twitter_card":"summary_large_image","twitter_misc":{"Dur\u00e9e de lecture estim\u00e9e":"1 minute"},"schema":{"@context":"https:\/\/schema.org","@graph":[{"@type":"WebPage","@id":"https:\/\/orsam-energies.com\/fr\/markets\/oil-gas\/","url":"https:\/\/orsam-energies.com\/fr\/markets\/oil-gas\/","name":"Oil & Gas - Orsam Energies","isPartOf":{"@id":"https:\/\/orsam-energies.com\/en\/#website"},"primaryImageOfPage":{"@id":"https:\/\/orsam-energies.com\/fr\/markets\/oil-gas\/#primaryimage"},"image":{"@id":"https:\/\/orsam-energies.com\/fr\/markets\/oil-gas\/#primaryimage"},"thumbnailUrl":"https:\/\/orsam-energies.com\/wp-content\/uploads\/2023\/04\/marches-oil-gas.jpg","datePublished":"2023-04-16T21:25:50+00:00","dateModified":"2023-05-27T16:15:24+00:00","breadcrumb":{"@id":"https:\/\/orsam-energies.com\/fr\/markets\/oil-gas\/#breadcrumb"},"inLanguage":"fr-FR","potentialAction":[{"@type":"ReadAction","target":["https:\/\/orsam-energies.com\/fr\/markets\/oil-gas\/"]}]},{"@type":"ImageObject","inLanguage":"fr-FR","@id":"https:\/\/orsam-energies.com\/fr\/markets\/oil-gas\/#primaryimage","url":"https:\/\/orsam-energies.com\/wp-content\/uploads\/2023\/04\/marches-oil-gas.jpg","contentUrl":"https:\/\/orsam-energies.com\/wp-content\/uploads\/2023\/04\/marches-oil-gas.jpg","width":2000,"height":1125},{"@type":"BreadcrumbList","@id":"https:\/\/orsam-energies.com\/fr\/markets\/oil-gas\/#breadcrumb","itemListElement":[{"@type":"ListItem","position":1,"name":"Home","item":"https:\/\/orsam-energies.com\/en\/"},{"@type":"ListItem","position":2,"name":"Markets","item":"https:\/\/orsam-energies.com\/fr\/markets\/"},{"@type":"ListItem","position":3,"name":"Oil &#038; Gas"}]},{"@type":"WebSite","@id":"https:\/\/orsam-energies.com\/en\/#website","url":"https:\/\/orsam-energies.com\/en\/","name":"Orsam Energies","description":"Industrial, Energy and Environmental Service Company","publisher":{"@id":"https:\/\/orsam-energies.com\/en\/#organization"},"potentialAction":[{"@type":"SearchAction","target":{"@type":"EntryPoint","urlTemplate":"https:\/\/orsam-energies.com\/en\/?s={search_term_string}"},"query-input":{"@type":"PropertyValueSpecification","valueRequired":true,"valueName":"search_term_string"}}],"inLanguage":"fr-FR"},{"@type":"Organization","@id":"https:\/\/orsam-energies.com\/en\/#organization","name":"Orsam Energies","url":"https:\/\/orsam-energies.com\/en\/","logo":{"@type":"ImageObject","inLanguage":"fr-FR","@id":"https:\/\/orsam-energies.com\/en\/#\/schema\/logo\/image\/","url":"https:\/\/ors.emduah.xyz\/wp-content\/uploads\/2023\/05\/ORSAM-ENERGIES_ORSAM-ENERGIES-cyan.png","contentUrl":"https:\/\/ors.emduah.xyz\/wp-content\/uploads\/2023\/05\/ORSAM-ENERGIES_ORSAM-ENERGIES-cyan.png","width":2952,"height":1053,"caption":"Orsam Energies"},"image":{"@id":"https:\/\/orsam-energies.com\/en\/#\/schema\/logo\/image\/"},"sameAs":["https:\/\/web.facebook.com\/orsamoilgas?_rdc=1&_rdr","https:\/\/www.instagram.com\/orsamoilgas\/","https:\/\/www.linkedin.com\/company\/orsamoilgas\/about\/"]}]}},"_links":{"self":[{"href":"https:\/\/orsam-energies.com\/fr\/wp-json\/wp\/v2\/pages\/14","targetHints":{"allow":["GET"]}}],"collection":[{"href":"https:\/\/orsam-energies.com\/fr\/wp-json\/wp\/v2\/pages"}],"about":[{"href":"https:\/\/orsam-energies.com\/fr\/wp-json\/wp\/v2\/types\/page"}],"author":[{"embeddable":true,"href":"https:\/\/orsam-energies.com\/fr\/wp-json\/wp\/v2\/users\/1"}],"replies":[{"embeddable":true,"href":"https:\/\/orsam-energies.com\/fr\/wp-json\/wp\/v2\/comments?post=14"}],"version-history":[{"count":7,"href":"https:\/\/orsam-energies.com\/fr\/wp-json\/wp\/v2\/pages\/14\/revisions"}],"predecessor-version":[{"id":916,"href":"https:\/\/orsam-energies.com\/fr\/wp-json\/wp\/v2\/pages\/14\/revisions\/916"}],"up":[{"embeddable":true,"href":"https:\/\/orsam-energies.com\/fr\/wp-json\/wp\/v2\/pages\/12"}],"wp:featuredmedia":[{"embeddable":true,"href":"https:\/\/orsam-energies.com\/fr\/wp-json\/wp\/v2\/media\/465"}],"wp:attachment":[{"href":"https:\/\/orsam-energies.com\/fr\/wp-json\/wp\/v2\/media?parent=14"}],"curies":[{"name":"wp","href":"https:\/\/api.w.org\/{rel}","templated":true}]}}