{"id":16,"date":"2023-04-16T21:26:27","date_gmt":"2023-04-16T21:26:27","guid":{"rendered":"https:\/\/ors.emduah.xyz\/?page_id=16"},"modified":"2023-05-10T01:34:09","modified_gmt":"2023-05-10T01:34:09","slug":"company","status":"publish","type":"page","link":"https:\/\/orsam-energies.com\/fr\/company\/","title":{"rendered":"Entreprise"},"content":{"rendered":"<p>Orsam Energies est la premi\u00e8re soci\u00e9t\u00e9 de services industriels, \u00e9nerg\u00e9tiques et environnementaux au Ghana et accompagne l'industrie dans la r\u00e9alisation de grands projets au fil des ann\u00e9es. Nos domaines d'expertise compl\u00e9mentaires couvrent l'ing\u00e9nierie, la fabrication, l'assemblage, la construction et la maintenance : nous fournissons des services \u00e0 haute valeur ajout\u00e9e tout au long du cycle de vie de toute installation et projet industriel.<\/p>","protected":false},"excerpt":{"rendered":"<p>Votre partenaire pour relever les d\u00e9fis industriels<\/p>","protected":false},"author":1,"featured_media":552,"parent":0,"menu_order":0,"comment_status":"closed","ping_status":"closed","template":"","meta":{"footnotes":""},"class_list":["post-16","page","type-page","status-publish","has-post-thumbnail","hentry"],"yoast_head":"<!-- This site is optimized with the Yoast SEO plugin v26.9 - https:\/\/yoast.com\/product\/yoast-seo-wordpress\/ -->\n<title>Company - Orsam Energies<\/title>\n<meta name=\"robots\" content=\"index, follow, max-snippet:-1, max-image-preview:large, max-video-preview:-1\" \/>\n<link rel=\"canonical\" href=\"https:\/\/orsam-energies.com\/fr\/company\/\" \/>\n<meta property=\"og:locale\" content=\"fr_FR\" \/>\n<meta property=\"og:type\" content=\"article\" \/>\n<meta property=\"og:title\" content=\"Company - Orsam Energies\" \/>\n<meta property=\"og:description\" content=\"Your partner in tackling industrial challenges\" \/>\n<meta property=\"og:url\" content=\"https:\/\/orsam-energies.com\/fr\/company\/\" \/>\n<meta property=\"og:site_name\" content=\"Orsam Energies\" \/>\n<meta property=\"article:publisher\" content=\"https:\/\/web.facebook.com\/orsamoilgas?_rdc=1&amp;_rdr\" \/>\n<meta property=\"article:modified_time\" content=\"2023-05-10T01:34:09+00:00\" \/>\n<meta property=\"og:image\" content=\"https:\/\/orsam-energies.com\/wp-content\/uploads\/2023\/04\/bd31ed33-3320-4314-9062-ec732d577055-1.jpg\" \/>\n\t<meta property=\"og:image:width\" content=\"1024\" \/>\n\t<meta property=\"og:image:height\" content=\"768\" \/>\n\t<meta property=\"og:image:type\" content=\"image\/jpeg\" \/>\n<meta name=\"twitter:card\" content=\"summary_large_image\" \/>\n<meta name=\"twitter:label1\" content=\"Dur\u00e9e de lecture estim\u00e9e\" \/>\n\t<meta name=\"twitter:data1\" content=\"1 minute\" \/>\n<script type=\"application\/ld+json\" class=\"yoast-schema-graph\">{\"@context\":\"https:\/\/schema.org\",\"@graph\":[{\"@type\":\"WebPage\",\"@id\":\"https:\/\/orsam-energies.com\/en\/company\/\",\"url\":\"https:\/\/orsam-energies.com\/en\/company\/\",\"name\":\"Company - Orsam Energies\",\"isPartOf\":{\"@id\":\"https:\/\/orsam-energies.com\/en\/#website\"},\"primaryImageOfPage\":{\"@id\":\"https:\/\/orsam-energies.com\/en\/company\/#primaryimage\"},\"image\":{\"@id\":\"https:\/\/orsam-energies.com\/en\/company\/#primaryimage\"},\"thumbnailUrl\":\"https:\/\/orsam-energies.com\/wp-content\/uploads\/2023\/04\/bd31ed33-3320-4314-9062-ec732d577055-1.jpg\",\"datePublished\":\"2023-04-16T21:26:27+00:00\",\"dateModified\":\"2023-05-10T01:34:09+00:00\",\"breadcrumb\":{\"@id\":\"https:\/\/orsam-energies.com\/en\/company\/#breadcrumb\"},\"inLanguage\":\"fr-FR\",\"potentialAction\":[{\"@type\":\"ReadAction\",\"target\":[\"https:\/\/orsam-energies.com\/en\/company\/\"]}]},{\"@type\":\"ImageObject\",\"inLanguage\":\"fr-FR\",\"@id\":\"https:\/\/orsam-energies.com\/en\/company\/#primaryimage\",\"url\":\"https:\/\/orsam-energies.com\/wp-content\/uploads\/2023\/04\/bd31ed33-3320-4314-9062-ec732d577055-1.jpg\",\"contentUrl\":\"https:\/\/orsam-energies.com\/wp-content\/uploads\/2023\/04\/bd31ed33-3320-4314-9062-ec732d577055-1.jpg\",\"width\":1024,\"height\":768},{\"@type\":\"BreadcrumbList\",\"@id\":\"https:\/\/orsam-energies.com\/en\/company\/#breadcrumb\",\"itemListElement\":[{\"@type\":\"ListItem\",\"position\":1,\"name\":\"Home\",\"item\":\"https:\/\/orsam-energies.com\/en\/\"},{\"@type\":\"ListItem\",\"position\":2,\"name\":\"Company\"}]},{\"@type\":\"WebSite\",\"@id\":\"https:\/\/orsam-energies.com\/en\/#website\",\"url\":\"https:\/\/orsam-energies.com\/en\/\",\"name\":\"Orsam Energies\",\"description\":\"Industrial, Energy and Environmental Service Company\",\"publisher\":{\"@id\":\"https:\/\/orsam-energies.com\/en\/#organization\"},\"potentialAction\":[{\"@type\":\"SearchAction\",\"target\":{\"@type\":\"EntryPoint\",\"urlTemplate\":\"https:\/\/orsam-energies.com\/en\/?s={search_term_string}\"},\"query-input\":{\"@type\":\"PropertyValueSpecification\",\"valueRequired\":true,\"valueName\":\"search_term_string\"}}],\"inLanguage\":\"fr-FR\"},{\"@type\":\"Organization\",\"@id\":\"https:\/\/orsam-energies.com\/en\/#organization\",\"name\":\"Orsam Energies\",\"url\":\"https:\/\/orsam-energies.com\/en\/\",\"logo\":{\"@type\":\"ImageObject\",\"inLanguage\":\"fr-FR\",\"@id\":\"https:\/\/orsam-energies.com\/en\/#\/schema\/logo\/image\/\",\"url\":\"https:\/\/ors.emduah.xyz\/wp-content\/uploads\/2023\/05\/ORSAM-ENERGIES_ORSAM-ENERGIES-cyan.png\",\"contentUrl\":\"https:\/\/ors.emduah.xyz\/wp-content\/uploads\/2023\/05\/ORSAM-ENERGIES_ORSAM-ENERGIES-cyan.png\",\"width\":2952,\"height\":1053,\"caption\":\"Orsam Energies\"},\"image\":{\"@id\":\"https:\/\/orsam-energies.com\/en\/#\/schema\/logo\/image\/\"},\"sameAs\":[\"https:\/\/web.facebook.com\/orsamoilgas?_rdc=1&_rdr\",\"https:\/\/www.instagram.com\/orsamoilgas\/\",\"https:\/\/www.linkedin.com\/company\/orsamoilgas\/about\/\"]}]}<\/script>\n<!-- \/ Yoast SEO plugin. -->","yoast_head_json":{"title":"Company - Orsam Energies","robots":{"index":"index","follow":"follow","max-snippet":"max-snippet:-1","max-image-preview":"max-image-preview:large","max-video-preview":"max-video-preview:-1"},"canonical":"https:\/\/orsam-energies.com\/fr\/company\/","og_locale":"fr_FR","og_type":"article","og_title":"Company - Orsam Energies","og_description":"Your partner in tackling industrial challenges","og_url":"https:\/\/orsam-energies.com\/fr\/company\/","og_site_name":"Orsam Energies","article_publisher":"https:\/\/web.facebook.com\/orsamoilgas?_rdc=1&_rdr","article_modified_time":"2023-05-10T01:34:09+00:00","og_image":[{"width":1024,"height":768,"url":"https:\/\/orsam-energies.com\/wp-content\/uploads\/2023\/04\/bd31ed33-3320-4314-9062-ec732d577055-1.jpg","type":"image\/jpeg"}],"twitter_card":"summary_large_image","twitter_misc":{"Dur\u00e9e de lecture estim\u00e9e":"1 minute"},"schema":{"@context":"https:\/\/schema.org","@graph":[{"@type":"WebPage","@id":"https:\/\/orsam-energies.com\/en\/company\/","url":"https:\/\/orsam-energies.com\/en\/company\/","name":"Company - Orsam Energies","isPartOf":{"@id":"https:\/\/orsam-energies.com\/en\/#website"},"primaryImageOfPage":{"@id":"https:\/\/orsam-energies.com\/en\/company\/#primaryimage"},"image":{"@id":"https:\/\/orsam-energies.com\/en\/company\/#primaryimage"},"thumbnailUrl":"https:\/\/orsam-energies.com\/wp-content\/uploads\/2023\/04\/bd31ed33-3320-4314-9062-ec732d577055-1.jpg","datePublished":"2023-04-16T21:26:27+00:00","dateModified":"2023-05-10T01:34:09+00:00","breadcrumb":{"@id":"https:\/\/orsam-energies.com\/en\/company\/#breadcrumb"},"inLanguage":"fr-FR","potentialAction":[{"@type":"ReadAction","target":["https:\/\/orsam-energies.com\/en\/company\/"]}]},{"@type":"ImageObject","inLanguage":"fr-FR","@id":"https:\/\/orsam-energies.com\/en\/company\/#primaryimage","url":"https:\/\/orsam-energies.com\/wp-content\/uploads\/2023\/04\/bd31ed33-3320-4314-9062-ec732d577055-1.jpg","contentUrl":"https:\/\/orsam-energies.com\/wp-content\/uploads\/2023\/04\/bd31ed33-3320-4314-9062-ec732d577055-1.jpg","width":1024,"height":768},{"@type":"BreadcrumbList","@id":"https:\/\/orsam-energies.com\/en\/company\/#breadcrumb","itemListElement":[{"@type":"ListItem","position":1,"name":"Home","item":"https:\/\/orsam-energies.com\/en\/"},{"@type":"ListItem","position":2,"name":"Company"}]},{"@type":"WebSite","@id":"https:\/\/orsam-energies.com\/en\/#website","url":"https:\/\/orsam-energies.com\/en\/","name":"Orsam Energies","description":"Industrial, Energy and Environmental Service Company","publisher":{"@id":"https:\/\/orsam-energies.com\/en\/#organization"},"potentialAction":[{"@type":"SearchAction","target":{"@type":"EntryPoint","urlTemplate":"https:\/\/orsam-energies.com\/en\/?s={search_term_string}"},"query-input":{"@type":"PropertyValueSpecification","valueRequired":true,"valueName":"search_term_string"}}],"inLanguage":"fr-FR"},{"@type":"Organization","@id":"https:\/\/orsam-energies.com\/en\/#organization","name":"Orsam Energies","url":"https:\/\/orsam-energies.com\/en\/","logo":{"@type":"ImageObject","inLanguage":"fr-FR","@id":"https:\/\/orsam-energies.com\/en\/#\/schema\/logo\/image\/","url":"https:\/\/ors.emduah.xyz\/wp-content\/uploads\/2023\/05\/ORSAM-ENERGIES_ORSAM-ENERGIES-cyan.png","contentUrl":"https:\/\/ors.emduah.xyz\/wp-content\/uploads\/2023\/05\/ORSAM-ENERGIES_ORSAM-ENERGIES-cyan.png","width":2952,"height":1053,"caption":"Orsam Energies"},"image":{"@id":"https:\/\/orsam-energies.com\/en\/#\/schema\/logo\/image\/"},"sameAs":["https:\/\/web.facebook.com\/orsamoilgas?_rdc=1&_rdr","https:\/\/www.instagram.com\/orsamoilgas\/","https:\/\/www.linkedin.com\/company\/orsamoilgas\/about\/"]}]}},"_links":{"self":[{"href":"https:\/\/orsam-energies.com\/fr\/wp-json\/wp\/v2\/pages\/16","targetHints":{"allow":["GET"]}}],"collection":[{"href":"https:\/\/orsam-energies.com\/fr\/wp-json\/wp\/v2\/pages"}],"about":[{"href":"https:\/\/orsam-energies.com\/fr\/wp-json\/wp\/v2\/types\/page"}],"author":[{"embeddable":true,"href":"https:\/\/orsam-energies.com\/fr\/wp-json\/wp\/v2\/users\/1"}],"replies":[{"embeddable":true,"href":"https:\/\/orsam-energies.com\/fr\/wp-json\/wp\/v2\/comments?post=16"}],"version-history":[{"count":5,"href":"https:\/\/orsam-energies.com\/fr\/wp-json\/wp\/v2\/pages\/16\/revisions"}],"predecessor-version":[{"id":663,"href":"https:\/\/orsam-energies.com\/fr\/wp-json\/wp\/v2\/pages\/16\/revisions\/663"}],"wp:featuredmedia":[{"embeddable":true,"href":"https:\/\/orsam-energies.com\/fr\/wp-json\/wp\/v2\/media\/552"}],"wp:attachment":[{"href":"https:\/\/orsam-energies.com\/fr\/wp-json\/wp\/v2\/media?parent=16"}],"curies":[{"name":"wp","href":"https:\/\/api.w.org\/{rel}","templated":true}]}}