{"id":29,"date":"2023-04-16T21:49:05","date_gmt":"2023-04-16T21:49:05","guid":{"rendered":"https:\/\/ors.emduah.xyz\/?page_id=29"},"modified":"2023-05-27T16:51:24","modified_gmt":"2023-05-27T16:51:24","slug":"mining","status":"publish","type":"page","link":"https:\/\/orsam-energies.com\/fr\/markets\/mining\/","title":{"rendered":"Mines"},"content":{"rendered":"<p>Fort d\u2019une gamme  de comp\u00e9tences compl\u00e9mentaires, Orsam Energies se positionne comme un interlocuteur unique pour des prestations de conception et de construction d'infrastructures, notamment pour les travaux de Structure, M\u00e9canique et Tuyauterie (SMP). Pour assurer la p\u00e9rennit\u00e9 et la meilleure efficacit\u00e9 des installations, nous accompagnons les industriels dans les travaux de montage, revamping et maintenance de r\u00e9servoirs soud\u00e9s et boulonn\u00e9s. <\/p>","protected":false},"excerpt":{"rendered":"<p>Fournir des solutions efficaces et durables pour am\u00e9liorer les performances et la croissance dess installations<\/p>","protected":false},"author":1,"featured_media":464,"parent":12,"menu_order":1,"comment_status":"closed","ping_status":"closed","template":"tpl_mining.php","meta":{"footnotes":""},"class_list":["post-29","page","type-page","status-publish","has-post-thumbnail","hentry"],"yoast_head":"<!-- This site is optimized with the Yoast SEO plugin v26.9 - https:\/\/yoast.com\/product\/yoast-seo-wordpress\/ -->\n<title>Mining - Orsam Energies<\/title>\n<meta name=\"robots\" content=\"index, follow, max-snippet:-1, max-image-preview:large, max-video-preview:-1\" \/>\n<link rel=\"canonical\" href=\"https:\/\/orsam-energies.com\/fr\/markets\/mining\/\" \/>\n<meta property=\"og:locale\" content=\"fr_FR\" \/>\n<meta property=\"og:type\" content=\"article\" \/>\n<meta property=\"og:title\" content=\"Mining - Orsam Energies\" \/>\n<meta property=\"og:description\" content=\"Providing efficient and sustainable solutions to ameliorate performance and growth of your facilities.\" \/>\n<meta property=\"og:url\" content=\"https:\/\/orsam-energies.com\/fr\/markets\/mining\/\" \/>\n<meta property=\"og:site_name\" content=\"Orsam Energies\" \/>\n<meta property=\"article:publisher\" content=\"https:\/\/web.facebook.com\/orsamoilgas?_rdc=1&amp;_rdr\" \/>\n<meta property=\"article:modified_time\" content=\"2023-05-27T16:51:24+00:00\" \/>\n<meta property=\"og:image\" content=\"https:\/\/orsam-energies.com\/wp-content\/uploads\/2023\/04\/03-ATOUTS-POUR-INDUS-MINIERE-2.jpg\" \/>\n\t<meta property=\"og:image:width\" content=\"1058\" \/>\n\t<meta property=\"og:image:height\" content=\"563\" \/>\n\t<meta property=\"og:image:type\" content=\"image\/jpeg\" \/>\n<meta name=\"twitter:card\" content=\"summary_large_image\" \/>\n<meta name=\"twitter:label1\" content=\"Dur\u00e9e de lecture estim\u00e9e\" \/>\n\t<meta name=\"twitter:data1\" content=\"1 minute\" \/>\n<script type=\"application\/ld+json\" class=\"yoast-schema-graph\">{\"@context\":\"https:\/\/schema.org\",\"@graph\":[{\"@type\":\"WebPage\",\"@id\":\"https:\/\/orsam-energies.com\/en\/markets\/mining\/\",\"url\":\"https:\/\/orsam-energies.com\/en\/markets\/mining\/\",\"name\":\"Mining - Orsam Energies\",\"isPartOf\":{\"@id\":\"https:\/\/orsam-energies.com\/en\/#website\"},\"primaryImageOfPage\":{\"@id\":\"https:\/\/orsam-energies.com\/en\/markets\/mining\/#primaryimage\"},\"image\":{\"@id\":\"https:\/\/orsam-energies.com\/en\/markets\/mining\/#primaryimage\"},\"thumbnailUrl\":\"https:\/\/orsam-energies.com\/wp-content\/uploads\/2023\/04\/03-ATOUTS-POUR-INDUS-MINIERE-2.jpg\",\"datePublished\":\"2023-04-16T21:49:05+00:00\",\"dateModified\":\"2023-05-27T16:51:24+00:00\",\"breadcrumb\":{\"@id\":\"https:\/\/orsam-energies.com\/en\/markets\/mining\/#breadcrumb\"},\"inLanguage\":\"fr-FR\",\"potentialAction\":[{\"@type\":\"ReadAction\",\"target\":[\"https:\/\/orsam-energies.com\/en\/markets\/mining\/\"]}]},{\"@type\":\"ImageObject\",\"inLanguage\":\"fr-FR\",\"@id\":\"https:\/\/orsam-energies.com\/en\/markets\/mining\/#primaryimage\",\"url\":\"https:\/\/orsam-energies.com\/wp-content\/uploads\/2023\/04\/03-ATOUTS-POUR-INDUS-MINIERE-2.jpg\",\"contentUrl\":\"https:\/\/orsam-energies.com\/wp-content\/uploads\/2023\/04\/03-ATOUTS-POUR-INDUS-MINIERE-2.jpg\",\"width\":1058,\"height\":563},{\"@type\":\"BreadcrumbList\",\"@id\":\"https:\/\/orsam-energies.com\/en\/markets\/mining\/#breadcrumb\",\"itemListElement\":[{\"@type\":\"ListItem\",\"position\":1,\"name\":\"Home\",\"item\":\"https:\/\/orsam-energies.com\/en\/\"},{\"@type\":\"ListItem\",\"position\":2,\"name\":\"Markets\",\"item\":\"https:\/\/orsam-energies.com\/fr\/markets\/\"},{\"@type\":\"ListItem\",\"position\":3,\"name\":\"Mining\"}]},{\"@type\":\"WebSite\",\"@id\":\"https:\/\/orsam-energies.com\/en\/#website\",\"url\":\"https:\/\/orsam-energies.com\/en\/\",\"name\":\"Orsam Energies\",\"description\":\"Industrial, Energy and Environmental Service Company\",\"publisher\":{\"@id\":\"https:\/\/orsam-energies.com\/en\/#organization\"},\"potentialAction\":[{\"@type\":\"SearchAction\",\"target\":{\"@type\":\"EntryPoint\",\"urlTemplate\":\"https:\/\/orsam-energies.com\/en\/?s={search_term_string}\"},\"query-input\":{\"@type\":\"PropertyValueSpecification\",\"valueRequired\":true,\"valueName\":\"search_term_string\"}}],\"inLanguage\":\"fr-FR\"},{\"@type\":\"Organization\",\"@id\":\"https:\/\/orsam-energies.com\/en\/#organization\",\"name\":\"Orsam Energies\",\"url\":\"https:\/\/orsam-energies.com\/en\/\",\"logo\":{\"@type\":\"ImageObject\",\"inLanguage\":\"fr-FR\",\"@id\":\"https:\/\/orsam-energies.com\/en\/#\/schema\/logo\/image\/\",\"url\":\"https:\/\/ors.emduah.xyz\/wp-content\/uploads\/2023\/05\/ORSAM-ENERGIES_ORSAM-ENERGIES-cyan.png\",\"contentUrl\":\"https:\/\/ors.emduah.xyz\/wp-content\/uploads\/2023\/05\/ORSAM-ENERGIES_ORSAM-ENERGIES-cyan.png\",\"width\":2952,\"height\":1053,\"caption\":\"Orsam Energies\"},\"image\":{\"@id\":\"https:\/\/orsam-energies.com\/en\/#\/schema\/logo\/image\/\"},\"sameAs\":[\"https:\/\/web.facebook.com\/orsamoilgas?_rdc=1&_rdr\",\"https:\/\/www.instagram.com\/orsamoilgas\/\",\"https:\/\/www.linkedin.com\/company\/orsamoilgas\/about\/\"]}]}<\/script>\n<!-- \/ Yoast SEO plugin. -->","yoast_head_json":{"title":"Mining - Orsam Energies","robots":{"index":"index","follow":"follow","max-snippet":"max-snippet:-1","max-image-preview":"max-image-preview:large","max-video-preview":"max-video-preview:-1"},"canonical":"https:\/\/orsam-energies.com\/fr\/markets\/mining\/","og_locale":"fr_FR","og_type":"article","og_title":"Mining - Orsam Energies","og_description":"Providing efficient and sustainable solutions to ameliorate performance and growth of your facilities.","og_url":"https:\/\/orsam-energies.com\/fr\/markets\/mining\/","og_site_name":"Orsam Energies","article_publisher":"https:\/\/web.facebook.com\/orsamoilgas?_rdc=1&_rdr","article_modified_time":"2023-05-27T16:51:24+00:00","og_image":[{"width":1058,"height":563,"url":"https:\/\/orsam-energies.com\/wp-content\/uploads\/2023\/04\/03-ATOUTS-POUR-INDUS-MINIERE-2.jpg","type":"image\/jpeg"}],"twitter_card":"summary_large_image","twitter_misc":{"Dur\u00e9e de lecture estim\u00e9e":"1 minute"},"schema":{"@context":"https:\/\/schema.org","@graph":[{"@type":"WebPage","@id":"https:\/\/orsam-energies.com\/en\/markets\/mining\/","url":"https:\/\/orsam-energies.com\/en\/markets\/mining\/","name":"Mining - Orsam Energies","isPartOf":{"@id":"https:\/\/orsam-energies.com\/en\/#website"},"primaryImageOfPage":{"@id":"https:\/\/orsam-energies.com\/en\/markets\/mining\/#primaryimage"},"image":{"@id":"https:\/\/orsam-energies.com\/en\/markets\/mining\/#primaryimage"},"thumbnailUrl":"https:\/\/orsam-energies.com\/wp-content\/uploads\/2023\/04\/03-ATOUTS-POUR-INDUS-MINIERE-2.jpg","datePublished":"2023-04-16T21:49:05+00:00","dateModified":"2023-05-27T16:51:24+00:00","breadcrumb":{"@id":"https:\/\/orsam-energies.com\/en\/markets\/mining\/#breadcrumb"},"inLanguage":"fr-FR","potentialAction":[{"@type":"ReadAction","target":["https:\/\/orsam-energies.com\/en\/markets\/mining\/"]}]},{"@type":"ImageObject","inLanguage":"fr-FR","@id":"https:\/\/orsam-energies.com\/en\/markets\/mining\/#primaryimage","url":"https:\/\/orsam-energies.com\/wp-content\/uploads\/2023\/04\/03-ATOUTS-POUR-INDUS-MINIERE-2.jpg","contentUrl":"https:\/\/orsam-energies.com\/wp-content\/uploads\/2023\/04\/03-ATOUTS-POUR-INDUS-MINIERE-2.jpg","width":1058,"height":563},{"@type":"BreadcrumbList","@id":"https:\/\/orsam-energies.com\/en\/markets\/mining\/#breadcrumb","itemListElement":[{"@type":"ListItem","position":1,"name":"Home","item":"https:\/\/orsam-energies.com\/en\/"},{"@type":"ListItem","position":2,"name":"Markets","item":"https:\/\/orsam-energies.com\/fr\/markets\/"},{"@type":"ListItem","position":3,"name":"Mining"}]},{"@type":"WebSite","@id":"https:\/\/orsam-energies.com\/en\/#website","url":"https:\/\/orsam-energies.com\/en\/","name":"Orsam Energies","description":"Industrial, Energy and Environmental Service Company","publisher":{"@id":"https:\/\/orsam-energies.com\/en\/#organization"},"potentialAction":[{"@type":"SearchAction","target":{"@type":"EntryPoint","urlTemplate":"https:\/\/orsam-energies.com\/en\/?s={search_term_string}"},"query-input":{"@type":"PropertyValueSpecification","valueRequired":true,"valueName":"search_term_string"}}],"inLanguage":"fr-FR"},{"@type":"Organization","@id":"https:\/\/orsam-energies.com\/en\/#organization","name":"Orsam Energies","url":"https:\/\/orsam-energies.com\/en\/","logo":{"@type":"ImageObject","inLanguage":"fr-FR","@id":"https:\/\/orsam-energies.com\/en\/#\/schema\/logo\/image\/","url":"https:\/\/ors.emduah.xyz\/wp-content\/uploads\/2023\/05\/ORSAM-ENERGIES_ORSAM-ENERGIES-cyan.png","contentUrl":"https:\/\/ors.emduah.xyz\/wp-content\/uploads\/2023\/05\/ORSAM-ENERGIES_ORSAM-ENERGIES-cyan.png","width":2952,"height":1053,"caption":"Orsam Energies"},"image":{"@id":"https:\/\/orsam-energies.com\/en\/#\/schema\/logo\/image\/"},"sameAs":["https:\/\/web.facebook.com\/orsamoilgas?_rdc=1&_rdr","https:\/\/www.instagram.com\/orsamoilgas\/","https:\/\/www.linkedin.com\/company\/orsamoilgas\/about\/"]}]}},"_links":{"self":[{"href":"https:\/\/orsam-energies.com\/fr\/wp-json\/wp\/v2\/pages\/29","targetHints":{"allow":["GET"]}}],"collection":[{"href":"https:\/\/orsam-energies.com\/fr\/wp-json\/wp\/v2\/pages"}],"about":[{"href":"https:\/\/orsam-energies.com\/fr\/wp-json\/wp\/v2\/types\/page"}],"author":[{"embeddable":true,"href":"https:\/\/orsam-energies.com\/fr\/wp-json\/wp\/v2\/users\/1"}],"replies":[{"embeddable":true,"href":"https:\/\/orsam-energies.com\/fr\/wp-json\/wp\/v2\/comments?post=29"}],"version-history":[{"count":6,"href":"https:\/\/orsam-energies.com\/fr\/wp-json\/wp\/v2\/pages\/29\/revisions"}],"predecessor-version":[{"id":922,"href":"https:\/\/orsam-energies.com\/fr\/wp-json\/wp\/v2\/pages\/29\/revisions\/922"}],"up":[{"embeddable":true,"href":"https:\/\/orsam-energies.com\/fr\/wp-json\/wp\/v2\/pages\/12"}],"wp:featuredmedia":[{"embeddable":true,"href":"https:\/\/orsam-energies.com\/fr\/wp-json\/wp\/v2\/media\/464"}],"wp:attachment":[{"href":"https:\/\/orsam-energies.com\/fr\/wp-json\/wp\/v2\/media?parent=29"}],"curies":[{"name":"wp","href":"https:\/\/api.w.org\/{rel}","templated":true}]}}