{"id":43,"date":"2023-04-17T04:05:28","date_gmt":"2023-04-17T04:05:28","guid":{"rendered":"https:\/\/ors.emduah.xyz\/?page_id=43"},"modified":"2023-05-27T16:21:51","modified_gmt":"2023-05-27T16:21:51","slug":"power","status":"publish","type":"page","link":"https:\/\/orsam-energies.com\/fr\/markets\/power\/","title":{"rendered":"Power"},"content":{"rendered":"<p>Orsam Energies propose \u00e0 ses clients et aux producteurs d\u2019\u00e9nergie des solutions cl\u00e9 en main allant de la conception \u00e0 l'exploitation, en passant par la maintenance des installations. Centrales \u00e0 gaz, installations hydro\u00e9lectriques, parcs \u00e9oliens et solaires, syst\u00e8mes biomasse, - pour des op\u00e9rations de revamping ou la construction de nouveaux sites, Orsam Energies fournit une production d'\u00e9lectricit\u00e9 fiable et \u00e9conomique, r\u00e9pondant aux exigences environnementales, aux besoins de d\u00e9veloppement de l'\u00e9conomie locale ainsi qu\u2019aux objectifs des autorit\u00e9s publiques et priv\u00e9es.<\/p>","protected":false},"excerpt":{"rendered":"<p>Une demande mondiale croissante d'\u00e9nergie avec une prise en consid\u00e9ration des enjeux environnementaux.<\/p>","protected":false},"author":1,"featured_media":520,"parent":12,"menu_order":2,"comment_status":"closed","ping_status":"closed","template":"tpl_mining.php","meta":{"footnotes":""},"class_list":["post-43","page","type-page","status-publish","has-post-thumbnail","hentry"],"yoast_head":"<!-- This site is optimized with the Yoast SEO plugin v26.9 - https:\/\/yoast.com\/product\/yoast-seo-wordpress\/ -->\n<title>Power - Orsam Energies<\/title>\n<meta name=\"robots\" content=\"index, follow, max-snippet:-1, max-image-preview:large, max-video-preview:-1\" \/>\n<link rel=\"canonical\" href=\"https:\/\/orsam-energies.com\/fr\/markets\/power\/\" \/>\n<meta property=\"og:locale\" content=\"fr_FR\" \/>\n<meta property=\"og:type\" content=\"article\" \/>\n<meta property=\"og:title\" content=\"Power - Orsam Energies\" \/>\n<meta property=\"og:description\" content=\"Global energy demand has grown tremendously while becoming more environmental conscious.\" \/>\n<meta property=\"og:url\" content=\"https:\/\/orsam-energies.com\/fr\/markets\/power\/\" \/>\n<meta property=\"og:site_name\" content=\"Orsam Energies\" \/>\n<meta property=\"article:publisher\" content=\"https:\/\/web.facebook.com\/orsamoilgas?_rdc=1&amp;_rdr\" \/>\n<meta property=\"article:modified_time\" content=\"2023-05-27T16:21:51+00:00\" \/>\n<meta property=\"og:image\" content=\"https:\/\/orsam-energies.com\/wp-content\/uploads\/2023\/04\/gas-to-power-slider.jpg\" \/>\n\t<meta property=\"og:image:width\" content=\"1950\" \/>\n\t<meta property=\"og:image:height\" content=\"1170\" \/>\n\t<meta property=\"og:image:type\" content=\"image\/jpeg\" \/>\n<meta name=\"twitter:card\" content=\"summary_large_image\" \/>\n<meta name=\"twitter:label1\" content=\"Dur\u00e9e de lecture estim\u00e9e\" \/>\n\t<meta name=\"twitter:data1\" content=\"1 minute\" \/>\n<script type=\"application\/ld+json\" class=\"yoast-schema-graph\">{\"@context\":\"https:\/\/schema.org\",\"@graph\":[{\"@type\":\"WebPage\",\"@id\":\"https:\/\/orsam-energies.com\/fr\/markets\/power\/\",\"url\":\"https:\/\/orsam-energies.com\/fr\/markets\/power\/\",\"name\":\"Power - Orsam Energies\",\"isPartOf\":{\"@id\":\"https:\/\/orsam-energies.com\/en\/#website\"},\"primaryImageOfPage\":{\"@id\":\"https:\/\/orsam-energies.com\/fr\/markets\/power\/#primaryimage\"},\"image\":{\"@id\":\"https:\/\/orsam-energies.com\/fr\/markets\/power\/#primaryimage\"},\"thumbnailUrl\":\"https:\/\/orsam-energies.com\/wp-content\/uploads\/2023\/04\/gas-to-power-slider.jpg\",\"datePublished\":\"2023-04-17T04:05:28+00:00\",\"dateModified\":\"2023-05-27T16:21:51+00:00\",\"breadcrumb\":{\"@id\":\"https:\/\/orsam-energies.com\/fr\/markets\/power\/#breadcrumb\"},\"inLanguage\":\"fr-FR\",\"potentialAction\":[{\"@type\":\"ReadAction\",\"target\":[\"https:\/\/orsam-energies.com\/fr\/markets\/power\/\"]}]},{\"@type\":\"ImageObject\",\"inLanguage\":\"fr-FR\",\"@id\":\"https:\/\/orsam-energies.com\/fr\/markets\/power\/#primaryimage\",\"url\":\"https:\/\/orsam-energies.com\/wp-content\/uploads\/2023\/04\/gas-to-power-slider.jpg\",\"contentUrl\":\"https:\/\/orsam-energies.com\/wp-content\/uploads\/2023\/04\/gas-to-power-slider.jpg\",\"width\":1950,\"height\":1170},{\"@type\":\"BreadcrumbList\",\"@id\":\"https:\/\/orsam-energies.com\/fr\/markets\/power\/#breadcrumb\",\"itemListElement\":[{\"@type\":\"ListItem\",\"position\":1,\"name\":\"Home\",\"item\":\"https:\/\/orsam-energies.com\/en\/\"},{\"@type\":\"ListItem\",\"position\":2,\"name\":\"Markets\",\"item\":\"https:\/\/orsam-energies.com\/fr\/markets\/\"},{\"@type\":\"ListItem\",\"position\":3,\"name\":\"Power\"}]},{\"@type\":\"WebSite\",\"@id\":\"https:\/\/orsam-energies.com\/en\/#website\",\"url\":\"https:\/\/orsam-energies.com\/en\/\",\"name\":\"Orsam Energies\",\"description\":\"Industrial, Energy and Environmental Service Company\",\"publisher\":{\"@id\":\"https:\/\/orsam-energies.com\/en\/#organization\"},\"potentialAction\":[{\"@type\":\"SearchAction\",\"target\":{\"@type\":\"EntryPoint\",\"urlTemplate\":\"https:\/\/orsam-energies.com\/en\/?s={search_term_string}\"},\"query-input\":{\"@type\":\"PropertyValueSpecification\",\"valueRequired\":true,\"valueName\":\"search_term_string\"}}],\"inLanguage\":\"fr-FR\"},{\"@type\":\"Organization\",\"@id\":\"https:\/\/orsam-energies.com\/en\/#organization\",\"name\":\"Orsam Energies\",\"url\":\"https:\/\/orsam-energies.com\/en\/\",\"logo\":{\"@type\":\"ImageObject\",\"inLanguage\":\"fr-FR\",\"@id\":\"https:\/\/orsam-energies.com\/en\/#\/schema\/logo\/image\/\",\"url\":\"https:\/\/ors.emduah.xyz\/wp-content\/uploads\/2023\/05\/ORSAM-ENERGIES_ORSAM-ENERGIES-cyan.png\",\"contentUrl\":\"https:\/\/ors.emduah.xyz\/wp-content\/uploads\/2023\/05\/ORSAM-ENERGIES_ORSAM-ENERGIES-cyan.png\",\"width\":2952,\"height\":1053,\"caption\":\"Orsam Energies\"},\"image\":{\"@id\":\"https:\/\/orsam-energies.com\/en\/#\/schema\/logo\/image\/\"},\"sameAs\":[\"https:\/\/web.facebook.com\/orsamoilgas?_rdc=1&_rdr\",\"https:\/\/www.instagram.com\/orsamoilgas\/\",\"https:\/\/www.linkedin.com\/company\/orsamoilgas\/about\/\"]}]}<\/script>\n<!-- \/ Yoast SEO plugin. -->","yoast_head_json":{"title":"Power - Orsam Energies","robots":{"index":"index","follow":"follow","max-snippet":"max-snippet:-1","max-image-preview":"max-image-preview:large","max-video-preview":"max-video-preview:-1"},"canonical":"https:\/\/orsam-energies.com\/fr\/markets\/power\/","og_locale":"fr_FR","og_type":"article","og_title":"Power - Orsam Energies","og_description":"Global energy demand has grown tremendously while becoming more environmental conscious.","og_url":"https:\/\/orsam-energies.com\/fr\/markets\/power\/","og_site_name":"Orsam Energies","article_publisher":"https:\/\/web.facebook.com\/orsamoilgas?_rdc=1&_rdr","article_modified_time":"2023-05-27T16:21:51+00:00","og_image":[{"width":1950,"height":1170,"url":"https:\/\/orsam-energies.com\/wp-content\/uploads\/2023\/04\/gas-to-power-slider.jpg","type":"image\/jpeg"}],"twitter_card":"summary_large_image","twitter_misc":{"Dur\u00e9e de lecture estim\u00e9e":"1 minute"},"schema":{"@context":"https:\/\/schema.org","@graph":[{"@type":"WebPage","@id":"https:\/\/orsam-energies.com\/fr\/markets\/power\/","url":"https:\/\/orsam-energies.com\/fr\/markets\/power\/","name":"Power - Orsam Energies","isPartOf":{"@id":"https:\/\/orsam-energies.com\/en\/#website"},"primaryImageOfPage":{"@id":"https:\/\/orsam-energies.com\/fr\/markets\/power\/#primaryimage"},"image":{"@id":"https:\/\/orsam-energies.com\/fr\/markets\/power\/#primaryimage"},"thumbnailUrl":"https:\/\/orsam-energies.com\/wp-content\/uploads\/2023\/04\/gas-to-power-slider.jpg","datePublished":"2023-04-17T04:05:28+00:00","dateModified":"2023-05-27T16:21:51+00:00","breadcrumb":{"@id":"https:\/\/orsam-energies.com\/fr\/markets\/power\/#breadcrumb"},"inLanguage":"fr-FR","potentialAction":[{"@type":"ReadAction","target":["https:\/\/orsam-energies.com\/fr\/markets\/power\/"]}]},{"@type":"ImageObject","inLanguage":"fr-FR","@id":"https:\/\/orsam-energies.com\/fr\/markets\/power\/#primaryimage","url":"https:\/\/orsam-energies.com\/wp-content\/uploads\/2023\/04\/gas-to-power-slider.jpg","contentUrl":"https:\/\/orsam-energies.com\/wp-content\/uploads\/2023\/04\/gas-to-power-slider.jpg","width":1950,"height":1170},{"@type":"BreadcrumbList","@id":"https:\/\/orsam-energies.com\/fr\/markets\/power\/#breadcrumb","itemListElement":[{"@type":"ListItem","position":1,"name":"Home","item":"https:\/\/orsam-energies.com\/en\/"},{"@type":"ListItem","position":2,"name":"Markets","item":"https:\/\/orsam-energies.com\/fr\/markets\/"},{"@type":"ListItem","position":3,"name":"Power"}]},{"@type":"WebSite","@id":"https:\/\/orsam-energies.com\/en\/#website","url":"https:\/\/orsam-energies.com\/en\/","name":"Orsam Energies","description":"Industrial, Energy and Environmental Service Company","publisher":{"@id":"https:\/\/orsam-energies.com\/en\/#organization"},"potentialAction":[{"@type":"SearchAction","target":{"@type":"EntryPoint","urlTemplate":"https:\/\/orsam-energies.com\/en\/?s={search_term_string}"},"query-input":{"@type":"PropertyValueSpecification","valueRequired":true,"valueName":"search_term_string"}}],"inLanguage":"fr-FR"},{"@type":"Organization","@id":"https:\/\/orsam-energies.com\/en\/#organization","name":"Orsam Energies","url":"https:\/\/orsam-energies.com\/en\/","logo":{"@type":"ImageObject","inLanguage":"fr-FR","@id":"https:\/\/orsam-energies.com\/en\/#\/schema\/logo\/image\/","url":"https:\/\/ors.emduah.xyz\/wp-content\/uploads\/2023\/05\/ORSAM-ENERGIES_ORSAM-ENERGIES-cyan.png","contentUrl":"https:\/\/ors.emduah.xyz\/wp-content\/uploads\/2023\/05\/ORSAM-ENERGIES_ORSAM-ENERGIES-cyan.png","width":2952,"height":1053,"caption":"Orsam Energies"},"image":{"@id":"https:\/\/orsam-energies.com\/en\/#\/schema\/logo\/image\/"},"sameAs":["https:\/\/web.facebook.com\/orsamoilgas?_rdc=1&_rdr","https:\/\/www.instagram.com\/orsamoilgas\/","https:\/\/www.linkedin.com\/company\/orsamoilgas\/about\/"]}]}},"_links":{"self":[{"href":"https:\/\/orsam-energies.com\/fr\/wp-json\/wp\/v2\/pages\/43","targetHints":{"allow":["GET"]}}],"collection":[{"href":"https:\/\/orsam-energies.com\/fr\/wp-json\/wp\/v2\/pages"}],"about":[{"href":"https:\/\/orsam-energies.com\/fr\/wp-json\/wp\/v2\/types\/page"}],"author":[{"embeddable":true,"href":"https:\/\/orsam-energies.com\/fr\/wp-json\/wp\/v2\/users\/1"}],"replies":[{"embeddable":true,"href":"https:\/\/orsam-energies.com\/fr\/wp-json\/wp\/v2\/comments?post=43"}],"version-history":[{"count":8,"href":"https:\/\/orsam-energies.com\/fr\/wp-json\/wp\/v2\/pages\/43\/revisions"}],"predecessor-version":[{"id":919,"href":"https:\/\/orsam-energies.com\/fr\/wp-json\/wp\/v2\/pages\/43\/revisions\/919"}],"up":[{"embeddable":true,"href":"https:\/\/orsam-energies.com\/fr\/wp-json\/wp\/v2\/pages\/12"}],"wp:featuredmedia":[{"embeddable":true,"href":"https:\/\/orsam-energies.com\/fr\/wp-json\/wp\/v2\/media\/520"}],"wp:attachment":[{"href":"https:\/\/orsam-energies.com\/fr\/wp-json\/wp\/v2\/media?parent=43"}],"curies":[{"name":"wp","href":"https:\/\/api.w.org\/{rel}","templated":true}]}}