{"id":611,"date":"2023-05-07T15:34:27","date_gmt":"2023-05-07T15:34:27","guid":{"rendered":"https:\/\/ors.emduah.xyz\/?page_id=611"},"modified":"2023-05-13T18:14:38","modified_gmt":"2023-05-13T18:14:38","slug":"cookies-policy","status":"publish","type":"page","link":"https:\/\/orsam-energies.com\/fr\/cookies-policy\/","title":{"rendered":"Politiqes des Cookies"},"content":{"rendered":"<p><em>Cette politique relative aux cookies a \u00e9t\u00e9 mise \u00e0 jour pour la derni\u00e8re fois le 06\/01\/2023<\/em><\/p>\n\n\n\n<h2 class=\"wp-block-heading\">1. Introduction<\/h2>\n\n\n\n<p>Notre site web\u00a0<a href=\"https:\/\/ortec-group.com\/\" target=\"_blank\" rel=\"noreferrer noopener\">https:\/\/<\/a><a href=\"https:\/\/orsam-energies.com\/fr\/\" target=\"_blank\" rel=\"noreferrer noopener\">orsam-energies.com<\/a>\u00a0(hereinafter: &#8220;the website&#8221;) uses cookies and other related technologies (for convenience all technologies are referred to as &#8220;cookies&#8221;). Cookies are also placed by third parties we have engaged. In the document below we inform you about the use of cookies on our website.<\/p>\n\n\n\n<h2 class=\"wp-block-heading\">2. Que sont les cookies ?<\/h2>\n\n\n\n<p>Un cookie est un petit fichier simple envoy\u00e9 avec les pages de ce site web et stock\u00e9 par votre navigateur sur le disque dur de votre ordinateur ou d\u2019un autre appareil. Les informations qui y sont stock\u00e9es peuvent \u00eatre renvoy\u00e9es \u00e0 nos serveurs ou aux serveurs des tierces parties concern\u00e9es lors d\u2019une visite ult\u00e9rieure.<\/p>\n\n\n\n<h2 class=\"wp-block-heading\">3. Que sont les scripts ?<\/h2>\n\n\n\n<p>Un script est un \u00e9l\u00e9ment de code utilis\u00e9 pour que notre site web fonctionne correctement et de mani\u00e8re interactive. Ce code est ex\u00e9cut\u00e9 sur notre serveur ou sur votre appareil.<\/p>\n\n\n\n<h2 class=\"wp-block-heading\">4. Qu\u2019est-ce qu\u2019une balise invisible ?<\/h2>\n\n\n\n<p>Une balise invisible (ou balise web) est un petit morceau de texte ou d\u2019image invisible sur un site web, utilis\u00e9 pour suivre le trafic sur un site web. Pour ce faire, diverses donn\u00e9es vous concernant sont stock\u00e9es \u00e0 l\u2019aide de balises invisibles.<\/p>\n\n\n\n<h2 class=\"wp-block-heading\">5. Cookies<\/h2>\n\n\n\n<p>5.1 Cookies techniques ou fonctionnels<\/p>\n\n\n\n<p>Certains cookies assurent le fonctionnement correct de certaines parties du site web et la prise en compte de vos pr\u00e9f\u00e9rences en tant qu\u2019utilisateur. En pla\u00e7ant des cookies fonctionnels, nous vous facilitons la visite de notre site web. Ainsi, vous n\u2019avez pas besoin de saisir \u00e0 plusieurs reprises les m\u00eames informations lors de la visite de notre site web et, par exemple, les \u00e9l\u00e9ments restent dans votre panier jusqu\u2019\u00e0 votre paiement. Nous pouvons placer ces cookies sans votre consentement.<\/p>\n\n\n\n<p>5.2 Cookies statistiques<\/p>\n\n\n\n<p>Nous utilisons des cookies statistiques afin d\u2019optimiser l\u2019exp\u00e9rience des internautes sur notre site web. Avec ces cookies statistiques, nous obtenons des informations sur l\u2019utilisation de notre site web. Nous demandons votre permission pour placer des cookies statistiques.<\/p>\n\n\n\n<p>5.3 Cookies publicitaires<\/p>\n\n\n\n<p>Sur ce site web, nous utilisons des cookies publicitaires, ce qui nous permet d\u2019avoir une observation des r\u00e9sultats de la campagne. Cela se fait sur la base d\u2019un profil que nous cr\u00e9ons en fonction de votre comportement sur\u00a0<a href=\"https:\/\/orsam-energies.com\/fr\/\" target=\"_blank\" rel=\"noreferrer noopener\">https:\/\/orsam-energies.com<\/a>. Avec ces cookies, vous, en tant que visiteur du site web, \u00eates li\u00e9 \u00e0 un ID unique mais ces cookies ne profileront pas votre comportement et vos centres d\u2019int\u00e9r\u00eats au service de publicit\u00e9s personnalis\u00e9es.<\/p>\n\n\n\n<p>5.4 Cookies de marketing\/suivi<\/p>\n\n\n\n<p>Les cookies de marketing\/suivi sont des cookies ou toute autre forme de stockage local, utilis\u00e9s pour cr\u00e9er des profils d\u2019utilisateurs afin d\u2019afficher de la publicit\u00e9 ou de suivre l\u2019utilisateur sur ce site web ou sur plusieurs sites web dans des finalit\u00e9s marketing similaires.<\/p>\n\n\n\n<p>Parce que ces cookies sont marqu\u00e9s comme des cookies de suivi, nous vous demandons le droit de les placer.<\/p>\n\n\n\n<h2 class=\"wp-block-heading\">6. Cookies plac\u00e9s<\/h2>\n\n\n\n<p>TBA<\/p>\n\n\n\n<h2 class=\"wp-block-heading\">7. Consentement<\/h2>\n\n\n\n<p>When you visit our website for the first time, we will show you a pop-up with an explanation about cookies. As soon as you click on &#8220;Accept&#8221;, you consent to us using all cookies and plug-ins as described in the pop-up and this Cookie Policy. You can disable the use of cookies via your browser, but please note that our website may no longer work properly.<\/p>\n\n\n\n<p>7.1 G\u00e9rez vos r\u00e9glages de consentement<\/p>\n\n\n\n<p>TBA<\/p>\n\n\n\n<h2 class=\"wp-block-heading\">8. Activer\/d\u00e9sactiver et supprimer les cookies<\/h2>\n\n\n\n<p>Vous pouvez utiliser votre navigateur internet pour supprimer automatiquement ou manuellement les cookies. Vous pouvez \u00e9galement sp\u00e9cifier que certains cookies ne peuvent pas \u00eatre plac\u00e9s. Une autre option consiste \u00e0 modifier les r\u00e9glages de votre navigateur Internet afin que vous receviez un message \u00e0 chaque fois qu\u2019un cookie est plac\u00e9. Pour plus d\u2019informations sur ces options, reportez-vous aux instructions de la section Aide de votre navigateur.<\/p>\n\n\n\n<p>Veuillez noter que notre site web peut ne pas marcher correctement si tous les cookies sont d\u00e9sactiv\u00e9s. Si vous supprimez les cookies dans votre navigateur, ils seront de nouveau plac\u00e9s apr\u00e8s votre consentement lorsque vous revisiterez nos sites we<\/p>\n\n\n\n<h2 class=\"wp-block-heading\">9. Vos droits concernant les donn\u00e9es personnelles<\/h2>\n\n\n\n<p>Vous avez les droits suivants concernant vos donn\u00e9es personnelles :<\/p>\n\n\n\n<ul class=\"wp-block-list\">\n<li>Vous avez le droit de savoir pourquoi vos donn\u00e9es personnelles sont n\u00e9cessaires, ce qui leur arrivera et combien de temps elles seront conserv\u00e9es.<\/li>\n\n\n\n<li>Droit d\u2019acc\u00e8s : vous avez le droit d\u2019acc\u00e9der \u00e0 vos donn\u00e9es personnelles que nous connaissons.<\/li>\n\n\n\n<li>Droit de rectification : vous avez le droit \u00e0 tout moment de compl\u00e9ter, corriger, faire supprimer ou bloquer vos donn\u00e9es personnelles.<\/li>\n\n\n\n<li>Si vous nous donnez votre consentement pour le traitement de vos donn\u00e9es, vous avez le droit de r\u00e9voquer ce consentement et de faire supprimer vos donn\u00e9es personnelles.<\/li>\n\n\n\n<li>Droit de transf\u00e9rer vos donn\u00e9es : vous avez le droit de demander toutes vos donn\u00e9es personnelles au responsable du traitement et de les transf\u00e9rer dans leur int\u00e9gralit\u00e9 \u00e0 un autre responsable du traitement.<\/li>\n\n\n\n<li>Droit d\u2019opposition : vous pouvez vous opposer au traitement de vos donn\u00e9es. Nous obtemp\u00e9rerons, \u00e0 moins que certaines raisons ne justifient ce traitement.<\/li>\n<\/ul>\n\n\n\n<p>Pour exercer ces droits, veuillez nous contacter. Veuillez vous r\u00e9f\u00e9rer aux coordonn\u00e9es au bas de cette politique de cookies. Si vous avez une plainte concernant la fa\u00e7on dont nous traitons vos donn\u00e9es, nous aimerions en \u00eatre inform\u00e9s, mais vous avez \u00e9galement le droit de d\u00e9poser une plainte aupr\u00e8s de l\u2019autorit\u00e9 de contr\u00f4le (l\u2019autorit\u00e9 charg\u00e9e de la protection des donn\u00e9es, comme le CEPD).<\/p>\n\n\n\n<h2 class=\"wp-block-heading\">10. Coordonn\u00e9es<\/h2>\n\n\n\n<p>Pour des questions et\/ou des commentaires sur notre politique de cookies et cette d\u00e9claration, veuillez nous contacter en utilisant les coordonn\u00e9es suivantes<\/p>\n\n\n\n<p>Orsam Energies<br>11 Patrice Lumumba Road, Block B: 2\u00e8me \u00e9tage<br>Airport Residential Area, <br>Accra, Ghana<br>Site web :\u00a0<a href=\"https:\/\/orsam-energies.com\/fr\/\" target=\"_blank\" rel=\"noreferrer noopener\">https:\/\/orsam-energies.com<\/a><br>Email:\u00a0info@orsam-energies.com<br>Num\u00e9ro de t\u00e9l\u00e9phone : +233 30 29 836 59<\/p>","protected":false},"excerpt":{"rendered":"<p>Cette politique de cookies s'applique \u00e0 tous les visiteurs de ce site<\/p>","protected":false},"author":1,"featured_media":0,"parent":0,"menu_order":0,"comment_status":"closed","ping_status":"closed","template":"","meta":{"footnotes":""},"class_list":["post-611","page","type-page","status-publish","hentry"],"yoast_head":"<!-- This site is optimized with the Yoast SEO plugin v26.9 - https:\/\/yoast.com\/product\/yoast-seo-wordpress\/ -->\n<title>Cookies Policy - Orsam Energies<\/title>\n<meta name=\"robots\" content=\"index, follow, max-snippet:-1, max-image-preview:large, max-video-preview:-1\" \/>\n<link rel=\"canonical\" href=\"https:\/\/orsam-energies.com\/fr\/cookies-policy\/\" \/>\n<meta property=\"og:locale\" content=\"fr_FR\" \/>\n<meta property=\"og:type\" content=\"article\" \/>\n<meta property=\"og:title\" content=\"Cookies Policy - Orsam Energies\" \/>\n<meta property=\"og:description\" content=\"This cookies policy applies to all visitors of this website\" \/>\n<meta property=\"og:url\" content=\"https:\/\/orsam-energies.com\/fr\/cookies-policy\/\" \/>\n<meta property=\"og:site_name\" content=\"Orsam Energies\" \/>\n<meta property=\"article:publisher\" content=\"https:\/\/web.facebook.com\/orsamoilgas?_rdc=1&amp;_rdr\" \/>\n<meta property=\"article:modified_time\" content=\"2023-05-13T18:14:38+00:00\" \/>\n<meta name=\"twitter:card\" content=\"summary_large_image\" \/>\n<meta name=\"twitter:label1\" content=\"Dur\u00e9e de lecture estim\u00e9e\" \/>\n\t<meta name=\"twitter:data1\" content=\"4 minutes\" \/>\n<script type=\"application\/ld+json\" class=\"yoast-schema-graph\">{\"@context\":\"https:\/\/schema.org\",\"@graph\":[{\"@type\":\"WebPage\",\"@id\":\"https:\/\/orsam-energies.com\/en\/cookies-policy\/\",\"url\":\"https:\/\/orsam-energies.com\/en\/cookies-policy\/\",\"name\":\"Cookies Policy - Orsam Energies\",\"isPartOf\":{\"@id\":\"https:\/\/orsam-energies.com\/en\/#website\"},\"datePublished\":\"2023-05-07T15:34:27+00:00\",\"dateModified\":\"2023-05-13T18:14:38+00:00\",\"breadcrumb\":{\"@id\":\"https:\/\/orsam-energies.com\/en\/cookies-policy\/#breadcrumb\"},\"inLanguage\":\"fr-FR\",\"potentialAction\":[{\"@type\":\"ReadAction\",\"target\":[\"https:\/\/orsam-energies.com\/en\/cookies-policy\/\"]}]},{\"@type\":\"BreadcrumbList\",\"@id\":\"https:\/\/orsam-energies.com\/en\/cookies-policy\/#breadcrumb\",\"itemListElement\":[{\"@type\":\"ListItem\",\"position\":1,\"name\":\"Home\",\"item\":\"https:\/\/orsam-energies.com\/en\/\"},{\"@type\":\"ListItem\",\"position\":2,\"name\":\"Cookies Policy\"}]},{\"@type\":\"WebSite\",\"@id\":\"https:\/\/orsam-energies.com\/en\/#website\",\"url\":\"https:\/\/orsam-energies.com\/en\/\",\"name\":\"Orsam Energies\",\"description\":\"Industrial, Energy and Environmental Service Company\",\"publisher\":{\"@id\":\"https:\/\/orsam-energies.com\/en\/#organization\"},\"potentialAction\":[{\"@type\":\"SearchAction\",\"target\":{\"@type\":\"EntryPoint\",\"urlTemplate\":\"https:\/\/orsam-energies.com\/en\/?s={search_term_string}\"},\"query-input\":{\"@type\":\"PropertyValueSpecification\",\"valueRequired\":true,\"valueName\":\"search_term_string\"}}],\"inLanguage\":\"fr-FR\"},{\"@type\":\"Organization\",\"@id\":\"https:\/\/orsam-energies.com\/en\/#organization\",\"name\":\"Orsam Energies\",\"url\":\"https:\/\/orsam-energies.com\/en\/\",\"logo\":{\"@type\":\"ImageObject\",\"inLanguage\":\"fr-FR\",\"@id\":\"https:\/\/orsam-energies.com\/en\/#\/schema\/logo\/image\/\",\"url\":\"https:\/\/ors.emduah.xyz\/wp-content\/uploads\/2023\/05\/ORSAM-ENERGIES_ORSAM-ENERGIES-cyan.png\",\"contentUrl\":\"https:\/\/ors.emduah.xyz\/wp-content\/uploads\/2023\/05\/ORSAM-ENERGIES_ORSAM-ENERGIES-cyan.png\",\"width\":2952,\"height\":1053,\"caption\":\"Orsam Energies\"},\"image\":{\"@id\":\"https:\/\/orsam-energies.com\/en\/#\/schema\/logo\/image\/\"},\"sameAs\":[\"https:\/\/web.facebook.com\/orsamoilgas?_rdc=1&_rdr\",\"https:\/\/www.instagram.com\/orsamoilgas\/\",\"https:\/\/www.linkedin.com\/company\/orsamoilgas\/about\/\"]}]}<\/script>\n<!-- \/ Yoast SEO plugin. -->","yoast_head_json":{"title":"Cookies Policy - Orsam Energies","robots":{"index":"index","follow":"follow","max-snippet":"max-snippet:-1","max-image-preview":"max-image-preview:large","max-video-preview":"max-video-preview:-1"},"canonical":"https:\/\/orsam-energies.com\/fr\/cookies-policy\/","og_locale":"fr_FR","og_type":"article","og_title":"Cookies Policy - Orsam Energies","og_description":"This cookies policy applies to all visitors of this website","og_url":"https:\/\/orsam-energies.com\/fr\/cookies-policy\/","og_site_name":"Orsam Energies","article_publisher":"https:\/\/web.facebook.com\/orsamoilgas?_rdc=1&_rdr","article_modified_time":"2023-05-13T18:14:38+00:00","twitter_card":"summary_large_image","twitter_misc":{"Dur\u00e9e de lecture estim\u00e9e":"4 minutes"},"schema":{"@context":"https:\/\/schema.org","@graph":[{"@type":"WebPage","@id":"https:\/\/orsam-energies.com\/en\/cookies-policy\/","url":"https:\/\/orsam-energies.com\/en\/cookies-policy\/","name":"Cookies Policy - Orsam Energies","isPartOf":{"@id":"https:\/\/orsam-energies.com\/en\/#website"},"datePublished":"2023-05-07T15:34:27+00:00","dateModified":"2023-05-13T18:14:38+00:00","breadcrumb":{"@id":"https:\/\/orsam-energies.com\/en\/cookies-policy\/#breadcrumb"},"inLanguage":"fr-FR","potentialAction":[{"@type":"ReadAction","target":["https:\/\/orsam-energies.com\/en\/cookies-policy\/"]}]},{"@type":"BreadcrumbList","@id":"https:\/\/orsam-energies.com\/en\/cookies-policy\/#breadcrumb","itemListElement":[{"@type":"ListItem","position":1,"name":"Home","item":"https:\/\/orsam-energies.com\/en\/"},{"@type":"ListItem","position":2,"name":"Cookies Policy"}]},{"@type":"WebSite","@id":"https:\/\/orsam-energies.com\/en\/#website","url":"https:\/\/orsam-energies.com\/en\/","name":"Orsam Energies","description":"Industrial, Energy and Environmental Service Company","publisher":{"@id":"https:\/\/orsam-energies.com\/en\/#organization"},"potentialAction":[{"@type":"SearchAction","target":{"@type":"EntryPoint","urlTemplate":"https:\/\/orsam-energies.com\/en\/?s={search_term_string}"},"query-input":{"@type":"PropertyValueSpecification","valueRequired":true,"valueName":"search_term_string"}}],"inLanguage":"fr-FR"},{"@type":"Organization","@id":"https:\/\/orsam-energies.com\/en\/#organization","name":"Orsam Energies","url":"https:\/\/orsam-energies.com\/en\/","logo":{"@type":"ImageObject","inLanguage":"fr-FR","@id":"https:\/\/orsam-energies.com\/en\/#\/schema\/logo\/image\/","url":"https:\/\/ors.emduah.xyz\/wp-content\/uploads\/2023\/05\/ORSAM-ENERGIES_ORSAM-ENERGIES-cyan.png","contentUrl":"https:\/\/ors.emduah.xyz\/wp-content\/uploads\/2023\/05\/ORSAM-ENERGIES_ORSAM-ENERGIES-cyan.png","width":2952,"height":1053,"caption":"Orsam Energies"},"image":{"@id":"https:\/\/orsam-energies.com\/en\/#\/schema\/logo\/image\/"},"sameAs":["https:\/\/web.facebook.com\/orsamoilgas?_rdc=1&_rdr","https:\/\/www.instagram.com\/orsamoilgas\/","https:\/\/www.linkedin.com\/company\/orsamoilgas\/about\/"]}]}},"_links":{"self":[{"href":"https:\/\/orsam-energies.com\/fr\/wp-json\/wp\/v2\/pages\/611","targetHints":{"allow":["GET"]}}],"collection":[{"href":"https:\/\/orsam-energies.com\/fr\/wp-json\/wp\/v2\/pages"}],"about":[{"href":"https:\/\/orsam-energies.com\/fr\/wp-json\/wp\/v2\/types\/page"}],"author":[{"embeddable":true,"href":"https:\/\/orsam-energies.com\/fr\/wp-json\/wp\/v2\/users\/1"}],"replies":[{"embeddable":true,"href":"https:\/\/orsam-energies.com\/fr\/wp-json\/wp\/v2\/comments?post=611"}],"version-history":[{"count":5,"href":"https:\/\/orsam-energies.com\/fr\/wp-json\/wp\/v2\/pages\/611\/revisions"}],"predecessor-version":[{"id":680,"href":"https:\/\/orsam-energies.com\/fr\/wp-json\/wp\/v2\/pages\/611\/revisions\/680"}],"wp:attachment":[{"href":"https:\/\/orsam-energies.com\/fr\/wp-json\/wp\/v2\/media?parent=611"}],"curies":[{"name":"wp","href":"https:\/\/api.w.org\/{rel}","templated":true}]}}