{"id":92,"date":"2023-04-17T22:29:15","date_gmt":"2023-04-17T22:29:15","guid":{"rendered":"https:\/\/ors.emduah.xyz\/?page_id=92"},"modified":"2023-05-27T15:59:43","modified_gmt":"2023-05-27T15:59:43","slug":"qhse","status":"publish","type":"page","link":"https:\/\/orsam-energies.com\/fr\/company\/qhse\/","title":{"rendered":"QHSE"},"content":{"rendered":"<p>Orsam Energies est certifi\u00e9 ISO 9001, ISO 14001 et ISO 45001 par le Bureau Veritas, ISO 3834-2 par l'Institut de Soudure et a mis en place un syst\u00e8me de gestion robuste de l'assurance qualit\u00e9, de la s\u00e9curit\u00e9 et de l'environnement (QSE).<\/p>\n\n\n\n<p>Notre syst\u00e8me de gestion nous permet de r\u00e9pondre aux exigences de nos clients et de suivre nos proc\u00e9dures, pour favoriser une am\u00e9lioration continue. La reconnaissance de notre programme QHSE r\u00e9sulte d\u2019une forte implication, d\u2019un d\u00e9vouement et d\u2019un engagement fort. <\/p>\n\n\n\n<p>La Direction QHSE est en charge de la mise en \u0153uvre de la politique QHSE d\u2019Orsam Energies:<\/p>\n\n\n\n<ul class=\"wp-block-list\">\n<li>conseil aux  entreprises affili\u00e9es <\/li>\n\n\n\n<li>fourniture de formations, informations et m\u00e9thodes de travail <\/li>\n\n\n\n<li>v\u00e9rification et suivi des activit\u00e9s des sites <\/li>\n\n\n\n<li>contr\u00f4le de la Documentation <\/li>\n\n\n\n<li>mise \u00e0 jour de la r\u00e9glementation HSE <\/li>\n\n\n\n<li>collecte des statistiques HSE<\/li>\n<\/ul>\n\n\n\n<p>Elle contr\u00f4le, alerte et conseille la direction d\u2019Orsam Energies pour l\u2019aide \u00e0 la d\u00e9cision et lui assurer que les proc\u00e9dures et r\u00e8gles sont affich\u00e9es et correctement utilis\u00e9es par nos collaborateurs.<\/p>","protected":false},"excerpt":{"rendered":"<p>Efficacit\u00e9 et am\u00e9lioration continues pour satisfaire les exigences r\u00e9glementaires et l\u00e9gales et r\u00e9pondre aux attentes du client<\/p>","protected":false},"author":2,"featured_media":594,"parent":16,"menu_order":3,"comment_status":"closed","ping_status":"closed","template":"","meta":{"footnotes":""},"class_list":["post-92","page","type-page","status-publish","has-post-thumbnail","hentry"],"yoast_head":"<!-- This site is optimized with the Yoast SEO plugin v26.9 - https:\/\/yoast.com\/product\/yoast-seo-wordpress\/ -->\n<title>QHSE - Orsam Energies<\/title>\n<meta name=\"robots\" content=\"index, follow, max-snippet:-1, max-image-preview:large, max-video-preview:-1\" \/>\n<link rel=\"canonical\" href=\"https:\/\/orsam-energies.com\/fr\/company\/qhse\/\" \/>\n<meta property=\"og:locale\" content=\"fr_FR\" \/>\n<meta property=\"og:type\" content=\"article\" \/>\n<meta property=\"og:title\" content=\"QHSE - Orsam Energies\" \/>\n<meta property=\"og:description\" content=\"Efficiency and continuous improvement to surpass regulatory and legal requirements, while guaranteeing customer satisfaction\" \/>\n<meta property=\"og:url\" content=\"https:\/\/orsam-energies.com\/fr\/company\/qhse\/\" \/>\n<meta property=\"og:site_name\" content=\"Orsam Energies\" \/>\n<meta property=\"article:publisher\" content=\"https:\/\/web.facebook.com\/orsamoilgas?_rdc=1&amp;_rdr\" \/>\n<meta property=\"article:modified_time\" content=\"2023-05-27T15:59:43+00:00\" \/>\n<meta property=\"og:image\" content=\"https:\/\/orsam-energies.com\/wp-content\/uploads\/2023\/04\/unnamed-5-scaled.jpg\" \/>\n\t<meta property=\"og:image:width\" content=\"1920\" \/>\n\t<meta property=\"og:image:height\" content=\"2560\" \/>\n\t<meta property=\"og:image:type\" content=\"image\/jpeg\" \/>\n<meta name=\"twitter:card\" content=\"summary_large_image\" \/>\n<script type=\"application\/ld+json\" class=\"yoast-schema-graph\">{\"@context\":\"https:\/\/schema.org\",\"@graph\":[{\"@type\":\"WebPage\",\"@id\":\"https:\/\/orsam-energies.com\/en\/company\/qhse\/\",\"url\":\"https:\/\/orsam-energies.com\/en\/company\/qhse\/\",\"name\":\"QHSE - Orsam Energies\",\"isPartOf\":{\"@id\":\"https:\/\/orsam-energies.com\/en\/#website\"},\"primaryImageOfPage\":{\"@id\":\"https:\/\/orsam-energies.com\/en\/company\/qhse\/#primaryimage\"},\"image\":{\"@id\":\"https:\/\/orsam-energies.com\/en\/company\/qhse\/#primaryimage\"},\"thumbnailUrl\":\"https:\/\/orsam-energies.com\/wp-content\/uploads\/2023\/04\/unnamed-5-scaled.jpg\",\"datePublished\":\"2023-04-17T22:29:15+00:00\",\"dateModified\":\"2023-05-27T15:59:43+00:00\",\"breadcrumb\":{\"@id\":\"https:\/\/orsam-energies.com\/en\/company\/qhse\/#breadcrumb\"},\"inLanguage\":\"fr-FR\",\"potentialAction\":[{\"@type\":\"ReadAction\",\"target\":[\"https:\/\/orsam-energies.com\/en\/company\/qhse\/\"]}]},{\"@type\":\"ImageObject\",\"inLanguage\":\"fr-FR\",\"@id\":\"https:\/\/orsam-energies.com\/en\/company\/qhse\/#primaryimage\",\"url\":\"https:\/\/orsam-energies.com\/wp-content\/uploads\/2023\/04\/unnamed-5-scaled.jpg\",\"contentUrl\":\"https:\/\/orsam-energies.com\/wp-content\/uploads\/2023\/04\/unnamed-5-scaled.jpg\",\"width\":1920,\"height\":2560},{\"@type\":\"BreadcrumbList\",\"@id\":\"https:\/\/orsam-energies.com\/en\/company\/qhse\/#breadcrumb\",\"itemListElement\":[{\"@type\":\"ListItem\",\"position\":1,\"name\":\"Home\",\"item\":\"https:\/\/orsam-energies.com\/en\/\"},{\"@type\":\"ListItem\",\"position\":2,\"name\":\"Company\",\"item\":\"https:\/\/orsam-energies.com\/en\/company\/\"},{\"@type\":\"ListItem\",\"position\":3,\"name\":\"QHSE\"}]},{\"@type\":\"WebSite\",\"@id\":\"https:\/\/orsam-energies.com\/en\/#website\",\"url\":\"https:\/\/orsam-energies.com\/en\/\",\"name\":\"Orsam Energies\",\"description\":\"Industrial, Energy and Environmental Service Company\",\"publisher\":{\"@id\":\"https:\/\/orsam-energies.com\/en\/#organization\"},\"potentialAction\":[{\"@type\":\"SearchAction\",\"target\":{\"@type\":\"EntryPoint\",\"urlTemplate\":\"https:\/\/orsam-energies.com\/en\/?s={search_term_string}\"},\"query-input\":{\"@type\":\"PropertyValueSpecification\",\"valueRequired\":true,\"valueName\":\"search_term_string\"}}],\"inLanguage\":\"fr-FR\"},{\"@type\":\"Organization\",\"@id\":\"https:\/\/orsam-energies.com\/en\/#organization\",\"name\":\"Orsam Energies\",\"url\":\"https:\/\/orsam-energies.com\/en\/\",\"logo\":{\"@type\":\"ImageObject\",\"inLanguage\":\"fr-FR\",\"@id\":\"https:\/\/orsam-energies.com\/en\/#\/schema\/logo\/image\/\",\"url\":\"https:\/\/ors.emduah.xyz\/wp-content\/uploads\/2023\/05\/ORSAM-ENERGIES_ORSAM-ENERGIES-cyan.png\",\"contentUrl\":\"https:\/\/ors.emduah.xyz\/wp-content\/uploads\/2023\/05\/ORSAM-ENERGIES_ORSAM-ENERGIES-cyan.png\",\"width\":2952,\"height\":1053,\"caption\":\"Orsam Energies\"},\"image\":{\"@id\":\"https:\/\/orsam-energies.com\/en\/#\/schema\/logo\/image\/\"},\"sameAs\":[\"https:\/\/web.facebook.com\/orsamoilgas?_rdc=1&_rdr\",\"https:\/\/www.instagram.com\/orsamoilgas\/\",\"https:\/\/www.linkedin.com\/company\/orsamoilgas\/about\/\"]}]}<\/script>\n<!-- \/ Yoast SEO plugin. -->","yoast_head_json":{"title":"QHSE - Orsam Energies","robots":{"index":"index","follow":"follow","max-snippet":"max-snippet:-1","max-image-preview":"max-image-preview:large","max-video-preview":"max-video-preview:-1"},"canonical":"https:\/\/orsam-energies.com\/fr\/company\/qhse\/","og_locale":"fr_FR","og_type":"article","og_title":"QHSE - Orsam Energies","og_description":"Efficiency and continuous improvement to surpass regulatory and legal requirements, while guaranteeing customer satisfaction","og_url":"https:\/\/orsam-energies.com\/fr\/company\/qhse\/","og_site_name":"Orsam Energies","article_publisher":"https:\/\/web.facebook.com\/orsamoilgas?_rdc=1&_rdr","article_modified_time":"2023-05-27T15:59:43+00:00","og_image":[{"width":1920,"height":2560,"url":"https:\/\/orsam-energies.com\/wp-content\/uploads\/2023\/04\/unnamed-5-scaled.jpg","type":"image\/jpeg"}],"twitter_card":"summary_large_image","schema":{"@context":"https:\/\/schema.org","@graph":[{"@type":"WebPage","@id":"https:\/\/orsam-energies.com\/en\/company\/qhse\/","url":"https:\/\/orsam-energies.com\/en\/company\/qhse\/","name":"QHSE - Orsam Energies","isPartOf":{"@id":"https:\/\/orsam-energies.com\/en\/#website"},"primaryImageOfPage":{"@id":"https:\/\/orsam-energies.com\/en\/company\/qhse\/#primaryimage"},"image":{"@id":"https:\/\/orsam-energies.com\/en\/company\/qhse\/#primaryimage"},"thumbnailUrl":"https:\/\/orsam-energies.com\/wp-content\/uploads\/2023\/04\/unnamed-5-scaled.jpg","datePublished":"2023-04-17T22:29:15+00:00","dateModified":"2023-05-27T15:59:43+00:00","breadcrumb":{"@id":"https:\/\/orsam-energies.com\/en\/company\/qhse\/#breadcrumb"},"inLanguage":"fr-FR","potentialAction":[{"@type":"ReadAction","target":["https:\/\/orsam-energies.com\/en\/company\/qhse\/"]}]},{"@type":"ImageObject","inLanguage":"fr-FR","@id":"https:\/\/orsam-energies.com\/en\/company\/qhse\/#primaryimage","url":"https:\/\/orsam-energies.com\/wp-content\/uploads\/2023\/04\/unnamed-5-scaled.jpg","contentUrl":"https:\/\/orsam-energies.com\/wp-content\/uploads\/2023\/04\/unnamed-5-scaled.jpg","width":1920,"height":2560},{"@type":"BreadcrumbList","@id":"https:\/\/orsam-energies.com\/en\/company\/qhse\/#breadcrumb","itemListElement":[{"@type":"ListItem","position":1,"name":"Home","item":"https:\/\/orsam-energies.com\/en\/"},{"@type":"ListItem","position":2,"name":"Company","item":"https:\/\/orsam-energies.com\/en\/company\/"},{"@type":"ListItem","position":3,"name":"QHSE"}]},{"@type":"WebSite","@id":"https:\/\/orsam-energies.com\/en\/#website","url":"https:\/\/orsam-energies.com\/en\/","name":"Orsam Energies","description":"Industrial, Energy and Environmental Service Company","publisher":{"@id":"https:\/\/orsam-energies.com\/en\/#organization"},"potentialAction":[{"@type":"SearchAction","target":{"@type":"EntryPoint","urlTemplate":"https:\/\/orsam-energies.com\/en\/?s={search_term_string}"},"query-input":{"@type":"PropertyValueSpecification","valueRequired":true,"valueName":"search_term_string"}}],"inLanguage":"fr-FR"},{"@type":"Organization","@id":"https:\/\/orsam-energies.com\/en\/#organization","name":"Orsam Energies","url":"https:\/\/orsam-energies.com\/en\/","logo":{"@type":"ImageObject","inLanguage":"fr-FR","@id":"https:\/\/orsam-energies.com\/en\/#\/schema\/logo\/image\/","url":"https:\/\/ors.emduah.xyz\/wp-content\/uploads\/2023\/05\/ORSAM-ENERGIES_ORSAM-ENERGIES-cyan.png","contentUrl":"https:\/\/ors.emduah.xyz\/wp-content\/uploads\/2023\/05\/ORSAM-ENERGIES_ORSAM-ENERGIES-cyan.png","width":2952,"height":1053,"caption":"Orsam Energies"},"image":{"@id":"https:\/\/orsam-energies.com\/en\/#\/schema\/logo\/image\/"},"sameAs":["https:\/\/web.facebook.com\/orsamoilgas?_rdc=1&_rdr","https:\/\/www.instagram.com\/orsamoilgas\/","https:\/\/www.linkedin.com\/company\/orsamoilgas\/about\/"]}]}},"_links":{"self":[{"href":"https:\/\/orsam-energies.com\/fr\/wp-json\/wp\/v2\/pages\/92","targetHints":{"allow":["GET"]}}],"collection":[{"href":"https:\/\/orsam-energies.com\/fr\/wp-json\/wp\/v2\/pages"}],"about":[{"href":"https:\/\/orsam-energies.com\/fr\/wp-json\/wp\/v2\/types\/page"}],"author":[{"embeddable":true,"href":"https:\/\/orsam-energies.com\/fr\/wp-json\/wp\/v2\/users\/2"}],"replies":[{"embeddable":true,"href":"https:\/\/orsam-energies.com\/fr\/wp-json\/wp\/v2\/comments?post=92"}],"version-history":[{"count":7,"href":"https:\/\/orsam-energies.com\/fr\/wp-json\/wp\/v2\/pages\/92\/revisions"}],"predecessor-version":[{"id":902,"href":"https:\/\/orsam-energies.com\/fr\/wp-json\/wp\/v2\/pages\/92\/revisions\/902"}],"up":[{"embeddable":true,"href":"https:\/\/orsam-energies.com\/fr\/wp-json\/wp\/v2\/pages\/16"}],"wp:featuredmedia":[{"embeddable":true,"href":"https:\/\/orsam-energies.com\/fr\/wp-json\/wp\/v2\/media\/594"}],"wp:attachment":[{"href":"https:\/\/orsam-energies.com\/fr\/wp-json\/wp\/v2\/media?parent=92"}],"curies":[{"name":"wp","href":"https:\/\/api.w.org\/{rel}","templated":true}]}}